{"id":119,"date":"2019-05-23T07:47:46","date_gmt":"2019-05-23T07:47:46","guid":{"rendered":"http:\/\/localhost\/posgrado\/?page_id=119"},"modified":"2026-04-07T16:19:10","modified_gmt":"2026-04-07T22:19:10","slug":"formatos","status":"publish","type":"page","link":"https:\/\/www.pmdcmos.unam.mx\/?page_id=119","title":{"rendered":"Asistencia y financiamiento a eventos y Estancia de Investigaci\u00f3n"},"content":{"rendered":"<div class=\"wpb-content-wrapper\"><p>[vc_row][vc_column][vc_separator css=&#8221;&#8221;][\/vc_column][\/vc_row][vc_row][vc_column][vc_single_image image=&#8221;6608&#8243; img_size=&#8221;large&#8221; alignment=&#8221;center&#8221; css=&#8221;&#8221;][\/vc_column][\/vc_row][vc_row][vc_column][vc_column_text css=&#8221;&#8221;]<\/p>\n<header class=\"major\"><\/header>\n<p><span style=\"color: #000000;\">Tu trayectoria acad\u00e9mica nos importa; tienes diferentes opciones para realizar actividades acad\u00e9micas, tanto nacionales como internacionales, como estancias de investigaci\u00f3n, cursar asignaturas, entre otras.<\/span><\/p>\n<p><span style=\"color: #000000;\">El <a href=\"https:\/\/www.posgrado.unam.mx\/becas-y-apoyos\/apoyo-a-los-estudios-de-posgrado\/\"><u>Programa de Apoyo a los Estudios de Posgrado (PAEP)<\/u><\/a> promueve tu participaci\u00f3n en actividades acad\u00e9micas con una duraci\u00f3n de 1 a 30 d\u00edas. Consulta la convocatoria PAEP.<\/span><\/p>\n<p><span style=\"color: #000000;\">Si deseas llevar a cabo actividades acad\u00e9micas de larga duraci\u00f3n (31 a 180 d\u00edas), estas deber\u00e1n realizarse dentro de los semestres establecidos en el plan de estudios.\u00a0 <a href=\"https:\/\/www.posgrado.unam.mx\/becas-y-apoyos\/apoyo-para-la-movilidad-en-posgrado\/\"><u>Convocatoria de Movilidad del Posgrado.<\/u><\/a><\/span><\/p>\n<p><span style=\"color: #000000;\">Para que puedas postularte a las convocatorias mencionadas, requieres la autorizaci\u00f3n del Comit\u00e9 Acad\u00e9mico, que solicita:<\/span><\/p>\n<ol style=\"padding-left: 20px;\">\n<li><span style=\"color: #000000;\">Justificaci\u00f3n de que la actividad propuesta est\u00e1 relacionada con tu proyecto de maestr\u00eda o de doctorado.<\/span><\/li>\n<li><span style=\"color: #000000;\">Evidencia de las actividades que vas a realizar, ejemplos:<\/span><\/li>\n<\/ol>\n<ul style=\"padding-left: 40px;\">\n<li><span style=\"color: #000000;\">Copia de una constancia oficial en la que se especifique su participaci\u00f3n en la actividad acad\u00e9mica (curso, taller, pr\u00e1ctica de campo, etc.).<\/span><\/li>\n<li><span style=\"color: #000000;\">Carta de aceptaci\u00f3n al evento propuesto (congreso, simposio, coloquio, etc.)<\/span><\/li>\n<li><span style=\"color: #000000;\">Plan de trabajo y cronograma de actividades (en caso de estancias de investigaci\u00f3n, cortas o largas), adem\u00e1s de cumplir con los requisitos establecidos en cada convocatoria.<\/span><\/li>\n<\/ul>\n<ol style=\"padding-left: 20px;\" start=\"3\">\n<li><span style=\"color: #000000;\">Desglose estimado de gastos (presentar evidencia de costos)<\/span><\/li>\n<\/ol>\n<p><span style=\"color: #000000;\">Una vez autorizada la actividad acad\u00e9mica por el Comit\u00e9 Acad\u00e9mico, podr\u00e1s postularte a las convocatorias.\u00a0 Recuerda que el financiamiento est\u00e1 sujeto a la disponibilidad presupuestal (recursos) de la UNAM.<\/span>[\/vc_column_text][\/vc_column][\/vc_row][vc_row equal_height=&#8221;yes&#8221; content_placement=&#8221;middle&#8221;][vc_column width=&#8221;1\/4&#8243;][\/vc_column][vc_column width=&#8221;1\/2&#8243;][vc_btn title=&#8221;Formato Autorizaci\u00f3n Financiamiento y Estancias&#8221; color=&#8221;primary&#8221; align=&#8221;center&#8221; i_icon_fontawesome=&#8221;far fa-file-pdf&#8221; css=&#8221;&#8221; add_icon=&#8221;true&#8221; link=&#8221;url:https%3A%2F%2Fwww.pmdcmos.unam.mx%2Fwp-content%2Fuploads%2F2026%2F04%2FAsistencia_financiamiento-2026_04.pdf&#8221;][\/vc_column][vc_column width=&#8221;1\/4&#8243;][\/vc_column][\/vc_row]<\/p>\n<\/div>","protected":false},"excerpt":{"rendered":"<p>[vc_row][vc_column][vc_separator css=&#8221;&#8221;][\/vc_column][\/vc_row][vc_row][vc_column][vc_single_image image=&#8221;6608&#8243; img_size=&#8221;large&#8221; alignment=&#8221;center&#8221; css=&#8221;&#8221;][\/vc_column][\/vc_row][vc_row][vc_column][vc_column_text css=&#8221;&#8221;] Tu trayectoria acad\u00e9mica nos importa; tienes diferentes opciones para realizar actividades acad\u00e9micas, tanto nacionales como internacionales, como estancias de investigaci\u00f3n, cursar asignaturas, entre otras. El Programa de Apoyo a los Estudios de Posgrado (PAEP) promueve tu participaci\u00f3n en actividades acad\u00e9micas con una duraci\u00f3n de 1 a 30 d\u00edas. [&hellip;]<\/p>\n","protected":false},"author":1,"featured_media":0,"parent":0,"menu_order":0,"comment_status":"closed","ping_status":"closed","template":"","meta":{"footnotes":""},"class_list":["post-119","page","type-page","status-publish","hentry"],"_links":{"self":[{"href":"https:\/\/www.pmdcmos.unam.mx\/index.php?rest_route=\/wp\/v2\/pages\/119","targetHints":{"allow":["GET"]}}],"collection":[{"href":"https:\/\/www.pmdcmos.unam.mx\/index.php?rest_route=\/wp\/v2\/pages"}],"about":[{"href":"https:\/\/www.pmdcmos.unam.mx\/index.php?rest_route=\/wp\/v2\/types\/page"}],"author":[{"embeddable":true,"href":"https:\/\/www.pmdcmos.unam.mx\/index.php?rest_route=\/wp\/v2\/users\/1"}],"replies":[{"embeddable":true,"href":"https:\/\/www.pmdcmos.unam.mx\/index.php?rest_route=%2Fwp%2Fv2%2Fcomments&post=119"}],"version-history":[{"count":134,"href":"https:\/\/www.pmdcmos.unam.mx\/index.php?rest_route=\/wp\/v2\/pages\/119\/revisions"}],"predecessor-version":[{"id":7122,"href":"https:\/\/www.pmdcmos.unam.mx\/index.php?rest_route=\/wp\/v2\/pages\/119\/revisions\/7122"}],"wp:attachment":[{"href":"https:\/\/www.pmdcmos.unam.mx\/index.php?rest_route=%2Fwp%2Fv2%2Fmedia&parent=119"}],"curies":[{"name":"wp","href":"https:\/\/api.w.org\/{rel}","templated":true}]}}