{"id":316,"date":"2019-05-31T13:51:38","date_gmt":"2019-05-31T18:51:38","guid":{"rendered":"http:\/\/localhost\/posgrado\/?page_id=316"},"modified":"2025-02-04T19:02:29","modified_gmt":"2025-02-05T01:02:29","slug":"ciencias-de-la-vision-2","status":"publish","type":"page","link":"https:\/\/www.pmdcmos.unam.mx\/?page_id=316","title":{"rendered":"Ciencias de la visi\u00f3n"},"content":{"rendered":"<div class=\"wpb-content-wrapper\"><p>[vc_row][vc_column][vc_column_text css=&#8221;&#8221;]<\/p>\n<hr \/>\n<p class=\"style2\" align=\"justify\">Las ciencias de la visi\u00f3n constituyen un campo interdisciplinario que estudia los procesos biol\u00f3gicos, fisiol\u00f3gicos y cognitivos que sustentan la percepci\u00f3n visual, as\u00ed como los factores que afectan la salud ocular y la funci\u00f3n visual. Este programa integra conocimientos de neurociencias, biomedicina, \u00f3ptica y biolog\u00eda molecular para comprender los mecanismos de la visi\u00f3n, el desarrollo de patolog\u00edas visuales y las estrategias de prevenci\u00f3n, diagn\u00f3stico y tratamiento.<br \/>\nEl alumnado adquirir\u00e1 herramientas para la investigaci\u00f3n en \u00e1reas como la neurobiolog\u00eda de la visi\u00f3n, la fisiolog\u00eda ocular y la optometr\u00eda avanzada para desarrollar estrategias terap\u00e9uticas innovadoras que controlen y prevengan la p\u00e9rdida de visi\u00f3n.<\/p>\n<p class=\"style2\" align=\"justify\">Para saber m\u00e1s a detalle consultar la p\u00e1gina: <a href=\"https:\/\/sciences.sorbonne-universite.fr\/en\/formation-sciences\/offre-de-formation\/masters\/master-bip-biologie-integrative-et-physiologie\">https:\/\/sciences.sorbonne-universite.fr\/en\/formation-sciences\/offre-de-formation\/masters\/master-bip-biologie-integrative-et-physiologie<\/a><\/p>\n<p>[\/vc_column_text][\/vc_column][\/vc_row]<\/p>\n<\/div>","protected":false},"excerpt":{"rendered":"<p>[vc_row][vc_column][vc_column_text css=&#8221;&#8221;] Las ciencias de la visi\u00f3n constituyen un campo interdisciplinario que estudia los procesos biol\u00f3gicos, fisiol\u00f3gicos y cognitivos que sustentan la percepci\u00f3n visual, as\u00ed como los factores que afectan la salud ocular y la funci\u00f3n visual. Este programa integra conocimientos de neurociencias, biomedicina, \u00f3ptica y biolog\u00eda molecular para comprender los mecanismos de la visi\u00f3n, [&hellip;]<\/p>\n","protected":false},"author":1,"featured_media":0,"parent":263,"menu_order":0,"comment_status":"closed","ping_status":"closed","template":"","meta":{"footnotes":""},"class_list":["post-316","page","type-page","status-publish","hentry"],"_links":{"self":[{"href":"https:\/\/www.pmdcmos.unam.mx\/index.php?rest_route=\/wp\/v2\/pages\/316","targetHints":{"allow":["GET"]}}],"collection":[{"href":"https:\/\/www.pmdcmos.unam.mx\/index.php?rest_route=\/wp\/v2\/pages"}],"about":[{"href":"https:\/\/www.pmdcmos.unam.mx\/index.php?rest_route=\/wp\/v2\/types\/page"}],"author":[{"embeddable":true,"href":"https:\/\/www.pmdcmos.unam.mx\/index.php?rest_route=\/wp\/v2\/users\/1"}],"replies":[{"embeddable":true,"href":"https:\/\/www.pmdcmos.unam.mx\/index.php?rest_route=%2Fwp%2Fv2%2Fcomments&post=316"}],"version-history":[{"count":5,"href":"https:\/\/www.pmdcmos.unam.mx\/index.php?rest_route=\/wp\/v2\/pages\/316\/revisions"}],"predecessor-version":[{"id":3488,"href":"https:\/\/www.pmdcmos.unam.mx\/index.php?rest_route=\/wp\/v2\/pages\/316\/revisions\/3488"}],"up":[{"embeddable":true,"href":"https:\/\/www.pmdcmos.unam.mx\/index.php?rest_route=\/wp\/v2\/pages\/263"}],"wp:attachment":[{"href":"https:\/\/www.pmdcmos.unam.mx\/index.php?rest_route=%2Fwp%2Fv2%2Fmedia&parent=316"}],"curies":[{"name":"wp","href":"https:\/\/api.w.org\/{rel}","templated":true}]}}