{"id":423,"date":"2019-06-02T16:03:50","date_gmt":"2019-06-02T21:03:50","guid":{"rendered":"http:\/\/localhost\/posgrado\/?page_id=423"},"modified":"2025-01-30T12:38:00","modified_gmt":"2025-01-30T18:38:00","slug":"epidemiologia-clinica","status":"publish","type":"page","link":"https:\/\/www.pmdcmos.unam.mx\/?page_id=423","title":{"rendered":"Epidemiolog\u00eda Cl\u00ednica"},"content":{"rendered":"<div class=\"wpb-content-wrapper\"><p>[vc_row][vc_column width=&#8221;2\/3&#8243;][vc_column_text css=&#8221;&#8221;]<strong>CAMPO DEL CONOCIMIENTO: <\/strong><strong>CIENCIAS DE LA SALUD<\/strong><\/p>\n<hr \/>\n<p>Es un campo multidisciplinario en el que los profesionales de la salud involucrados en las \u00e1reas cl\u00ednicas, adquieren los conocimientos necesarios para convertirse en futuros &#8220;cient\u00edficos cl\u00ednicos&#8221;. Estos profesionales liderar\u00e1n la investigaci\u00f3n orientada a los pacientes, traduciendo esos conocimientos en mejores pr\u00e1cticas basadas en la mejor evidencia disponible que promueven cambios en las pol\u00edticas de salud.<\/p>\n<p>Este campo aplica los principios de la epidemiolog\u00eda, la estad\u00edstica y la metodolog\u00eda de la investigaci\u00f3n cl\u00ednica para abordar los problemas de salud que surgen de la observaci\u00f3n directa de los pacientes. David Sackett la defini\u00f3 como &#8220;la ciencia b\u00e1sica para la medicina cl\u00ednica&#8221;.<\/p>\n<p>La Epidemiolog\u00eda Cl\u00ednica abarca una amplia variedad de disciplinas, con un enfoque particular en la investigaci\u00f3n dirigida a la prevenci\u00f3n, diagn\u00f3stico, pron\u00f3stico y tratamiento de los pacientes. Los epidemi\u00f3logos cl\u00ednicos formados en nuestro programa cuentan con un extenso campo de desarrollo profesional, que incluye los centros de investigaci\u00f3n en hospitales y cl\u00ednicas, las universidades, laboratorios y la industria farmac\u00e9utica.[\/vc_column_text][\/vc_column][vc_column width=&#8221;1\/3&#8243;][vc_single_image image=&#8221;3399&#8243; img_size=&#8221;large&#8221; alignment=&#8221;center&#8221; style=&#8221;vc_box_circle&#8221; css=&#8221;&#8221;][\/vc_column][\/vc_row]<\/p>\n<\/div>","protected":false},"excerpt":{"rendered":"<p>[vc_row][vc_column width=&#8221;2\/3&#8243;][vc_column_text css=&#8221;&#8221;]CAMPO DEL CONOCIMIENTO: CIENCIAS DE LA SALUD Es un campo multidisciplinario en el que los profesionales de la salud involucrados en las \u00e1reas cl\u00ednicas, adquieren los conocimientos necesarios para convertirse en futuros &#8220;cient\u00edficos cl\u00ednicos&#8221;. Estos profesionales liderar\u00e1n la investigaci\u00f3n orientada a los pacientes, traduciendo esos conocimientos en mejores pr\u00e1cticas basadas en la mejor [&hellip;]<\/p>\n","protected":false},"author":1,"featured_media":0,"parent":253,"menu_order":0,"comment_status":"closed","ping_status":"closed","template":"","meta":{"footnotes":""},"class_list":["post-423","page","type-page","status-publish","hentry"],"_links":{"self":[{"href":"https:\/\/www.pmdcmos.unam.mx\/index.php?rest_route=\/wp\/v2\/pages\/423","targetHints":{"allow":["GET"]}}],"collection":[{"href":"https:\/\/www.pmdcmos.unam.mx\/index.php?rest_route=\/wp\/v2\/pages"}],"about":[{"href":"https:\/\/www.pmdcmos.unam.mx\/index.php?rest_route=\/wp\/v2\/types\/page"}],"author":[{"embeddable":true,"href":"https:\/\/www.pmdcmos.unam.mx\/index.php?rest_route=\/wp\/v2\/users\/1"}],"replies":[{"embeddable":true,"href":"https:\/\/www.pmdcmos.unam.mx\/index.php?rest_route=%2Fwp%2Fv2%2Fcomments&post=423"}],"version-history":[{"count":4,"href":"https:\/\/www.pmdcmos.unam.mx\/index.php?rest_route=\/wp\/v2\/pages\/423\/revisions"}],"predecessor-version":[{"id":3414,"href":"https:\/\/www.pmdcmos.unam.mx\/index.php?rest_route=\/wp\/v2\/pages\/423\/revisions\/3414"}],"up":[{"embeddable":true,"href":"https:\/\/www.pmdcmos.unam.mx\/index.php?rest_route=\/wp\/v2\/pages\/253"}],"wp:attachment":[{"href":"https:\/\/www.pmdcmos.unam.mx\/index.php?rest_route=%2Fwp%2Fv2%2Fmedia&parent=423"}],"curies":[{"name":"wp","href":"https:\/\/api.w.org\/{rel}","templated":true}]}}