{"id":4653,"date":"2025-11-11T18:12:04","date_gmt":"2025-11-12T00:12:04","guid":{"rendered":"https:\/\/www.pmdcmos.unam.mx\/?page_id=4653"},"modified":"2026-03-10T09:12:29","modified_gmt":"2026-03-10T15:12:29","slug":"abraham-landa-piedra","status":"publish","type":"page","link":"https:\/\/www.pmdcmos.unam.mx\/?page_id=4653","title":{"rendered":"ABRAHAM LANDA PIEDRA"},"content":{"rendered":"<div class=\"wpb-content-wrapper\"><p>[vc_row][vc_column][vc_separator css=&#8221;&#8221;][\/vc_column][\/vc_row][vc_row][vc_column][vc_cta h2=&#8221;&#8221; css=&#8221;&#8221;]El Dr. Abraham Landa Piedra es profesor de tiempo completo adscrito a la Facultad de Medicina, UNAM. Su l\u00ednea de investigaci\u00f3n se centra en la biolog\u00eda molecular y bioqu\u00edmica de helmintos, en particular de Taenia solium, con \u00e9nfasis en los mecanismos de estr\u00e9s oxidativo, la inmunomodulaci\u00f3n y la identificaci\u00f3n de blancos terap\u00e9uticos. Ha dirigido tesis en licenciatura, maestr\u00eda y doctorado enfocadas en el dise\u00f1o de ant\u00edgenos y estrategias inmunodiagn\u00f3sticas.<\/p>\n<p>Fuente: Documentaci\u00f3n del programa y actualizaci\u00f3n con repositorios p\u00fablicos: SIIA UNAM (afiliaci\u00f3n: Facultad de Medicina, UNAM).<br \/>\nPerfil SIIA \u2013 Abraham Landa Piedra:<br \/>\n<a href=\"https:\/\/web.siia.unam.mx\/siia-publico\/c\/busqueda_individual.php?id=126585\">https:\/\/web.siia.unam.mx\/siia-publico\/c\/busqueda_individual.php?id=126585<\/a>[\/vc_cta][\/vc_column][\/vc_row]<\/p>\n<\/div>","protected":false},"excerpt":{"rendered":"<p>[vc_row][vc_column][vc_separator css=&#8221;&#8221;][\/vc_column][\/vc_row][vc_row][vc_column][vc_cta h2=&#8221;&#8221; css=&#8221;&#8221;]El Dr. Abraham Landa Piedra es profesor de tiempo completo adscrito a la Facultad de Medicina, UNAM. Su l\u00ednea de investigaci\u00f3n se centra en la biolog\u00eda molecular y bioqu\u00edmica de helmintos, en particular de Taenia solium, con \u00e9nfasis en los mecanismos de estr\u00e9s oxidativo, la inmunomodulaci\u00f3n y la identificaci\u00f3n de blancos terap\u00e9uticos. [&hellip;]<\/p>\n","protected":false},"author":1,"featured_media":0,"parent":0,"menu_order":0,"comment_status":"closed","ping_status":"closed","template":"","meta":{"footnotes":""},"class_list":["post-4653","page","type-page","status-publish","hentry"],"_links":{"self":[{"href":"https:\/\/www.pmdcmos.unam.mx\/index.php?rest_route=\/wp\/v2\/pages\/4653","targetHints":{"allow":["GET"]}}],"collection":[{"href":"https:\/\/www.pmdcmos.unam.mx\/index.php?rest_route=\/wp\/v2\/pages"}],"about":[{"href":"https:\/\/www.pmdcmos.unam.mx\/index.php?rest_route=\/wp\/v2\/types\/page"}],"author":[{"embeddable":true,"href":"https:\/\/www.pmdcmos.unam.mx\/index.php?rest_route=\/wp\/v2\/users\/1"}],"replies":[{"embeddable":true,"href":"https:\/\/www.pmdcmos.unam.mx\/index.php?rest_route=%2Fwp%2Fv2%2Fcomments&post=4653"}],"version-history":[{"count":4,"href":"https:\/\/www.pmdcmos.unam.mx\/index.php?rest_route=\/wp\/v2\/pages\/4653\/revisions"}],"predecessor-version":[{"id":6702,"href":"https:\/\/www.pmdcmos.unam.mx\/index.php?rest_route=\/wp\/v2\/pages\/4653\/revisions\/6702"}],"wp:attachment":[{"href":"https:\/\/www.pmdcmos.unam.mx\/index.php?rest_route=%2Fwp%2Fv2%2Fmedia&parent=4653"}],"curies":[{"name":"wp","href":"https:\/\/api.w.org\/{rel}","templated":true}]}}