{"id":4719,"date":"2025-11-24T20:43:31","date_gmt":"2025-11-25T02:43:31","guid":{"rendered":"https:\/\/www.pmdcmos.unam.mx\/?page_id=4719"},"modified":"2026-03-10T09:44:42","modified_gmt":"2026-03-10T15:44:42","slug":"adrian-alejandro-martinez-gonzalez","status":"publish","type":"page","link":"https:\/\/www.pmdcmos.unam.mx\/?page_id=4719","title":{"rendered":"ADRI\u00c1N ALEJANDRO MART\u00cdNEZ GONZ\u00c1LEZ"},"content":{"rendered":"<div class=\"wpb-content-wrapper\"><p>[vc_row][vc_column][vc_separator css=&#8221;&#8221;][\/vc_column][\/vc_row][vc_row][vc_column][vc_cta h2=&#8221;&#8221; css=&#8221;&#8221;]El Dr. Adri\u00e1n Alejandro Mart\u00ednez Gonz\u00e1lez es profesor investigador en la Facultad de Medicina, UNAM. M\u00e9dico cirujano con posgrado en Ciencias Biom\u00e9dicas, su investigaci\u00f3n se centra en neurociencias celulares y moleculares, particularmente en plasticidad sin\u00e1ptica y mecanismos de neuroprotecci\u00f3n. Ha dirigido tesis en neurofisiolog\u00eda experimental y farmacolog\u00eda del sistema nervioso central.<\/p>\n<p>Fuente: SIIA UNAM (afiliaci\u00f3n: Facultad de Medicina, UNAM).<br \/>\nPerfil SIIA \u2013 Adri\u00e1n Alejandro Mart\u00ednez Gonz\u00e1lez:<a href=\"https:\/\/web.siia.unam.mx\/siia-publico\/c\/busqueda_individual.php?id=126362\"> https:\/\/web.siia.unam.mx\/siia-publico\/c\/busqueda_individual.php?id=126362<\/a>[\/vc_cta][\/vc_column][\/vc_row]<\/p>\n<\/div>","protected":false},"excerpt":{"rendered":"<p>[vc_row][vc_column][vc_separator css=&#8221;&#8221;][\/vc_column][\/vc_row][vc_row][vc_column][vc_cta h2=&#8221;&#8221; css=&#8221;&#8221;]El Dr. Adri\u00e1n Alejandro Mart\u00ednez Gonz\u00e1lez es profesor investigador en la Facultad de Medicina, UNAM. M\u00e9dico cirujano con posgrado en Ciencias Biom\u00e9dicas, su investigaci\u00f3n se centra en neurociencias celulares y moleculares, particularmente en plasticidad sin\u00e1ptica y mecanismos de neuroprotecci\u00f3n. Ha dirigido tesis en neurofisiolog\u00eda experimental y farmacolog\u00eda del sistema nervioso central. Fuente: [&hellip;]<\/p>\n","protected":false},"author":1,"featured_media":0,"parent":0,"menu_order":0,"comment_status":"closed","ping_status":"closed","template":"","meta":{"footnotes":""},"class_list":["post-4719","page","type-page","status-publish","hentry"],"_links":{"self":[{"href":"https:\/\/www.pmdcmos.unam.mx\/index.php?rest_route=\/wp\/v2\/pages\/4719","targetHints":{"allow":["GET"]}}],"collection":[{"href":"https:\/\/www.pmdcmos.unam.mx\/index.php?rest_route=\/wp\/v2\/pages"}],"about":[{"href":"https:\/\/www.pmdcmos.unam.mx\/index.php?rest_route=\/wp\/v2\/types\/page"}],"author":[{"embeddable":true,"href":"https:\/\/www.pmdcmos.unam.mx\/index.php?rest_route=\/wp\/v2\/users\/1"}],"replies":[{"embeddable":true,"href":"https:\/\/www.pmdcmos.unam.mx\/index.php?rest_route=%2Fwp%2Fv2%2Fcomments&post=4719"}],"version-history":[{"count":4,"href":"https:\/\/www.pmdcmos.unam.mx\/index.php?rest_route=\/wp\/v2\/pages\/4719\/revisions"}],"predecessor-version":[{"id":6706,"href":"https:\/\/www.pmdcmos.unam.mx\/index.php?rest_route=\/wp\/v2\/pages\/4719\/revisions\/6706"}],"wp:attachment":[{"href":"https:\/\/www.pmdcmos.unam.mx\/index.php?rest_route=%2Fwp%2Fv2%2Fmedia&parent=4719"}],"curies":[{"name":"wp","href":"https:\/\/api.w.org\/{rel}","templated":true}]}}