{"id":473,"date":"2019-06-02T19:41:24","date_gmt":"2019-06-03T00:41:24","guid":{"rendered":"http:\/\/localhost\/posgrado\/?page_id=473"},"modified":"2019-06-02T21:25:29","modified_gmt":"2019-06-03T02:25:29","slug":"antropologia-en-salud","status":"publish","type":"page","link":"https:\/\/www.pmdcmos.unam.mx\/?page_id=473","title":{"rendered":"Antropolog\u00eda en Salud"},"content":{"rendered":"<div class=\"wpb-content-wrapper\"><p>[vc_row][vc_column width=&#8221;2\/3&#8243;][vc_column_text]<strong>CAMPO DEL CONOCIMIENTO<\/strong><\/p>\n<p><strong>CIENCIAS SOCIOM\u00c9DICAS<\/strong><\/p>\n<p style=\"text-align: justify\">La antropolog\u00eda en salud es un campo emergente de la antropolog\u00eda social o cultural, fundamentado en la investigaci\u00f3n y la producci\u00f3n de teor\u00edas sobre los procesos sociales y sus representaciones culturales en la salud, la enfermedad y las pr\u00e1cticas de atenci\u00f3n o asistencia relacionadas con ella. En el Sector Salud existe actualmente, mayor comprensi\u00f3n sobre la necesidad de modificar las estrategias en la prestaci\u00f3n de los servicios, ampliando el enfoque biologicista hacia otros aspectos importantes en el mantenimiento o p\u00e9rdida de la salud, como el psicol\u00f3gico, el social, el econ\u00f3mico, el cultural y el de g\u00e9nero. Concepci\u00f3n que ha cristalizado en programas espec\u00edficos instrumentados primordialmente en zonas rurales, marginadas e ind\u00edgenas en donde se requiere congruencia entre la actividad m\u00e9dica y las necesidades de las poblaciones atendidas. Un ejemplo de esto es la presencia de la medicina intercultural en el \u00e1mbito de la salud nacional. Este campo se distingue por su \u00e9nfasis en los determinantes sociales del proceso salud-enfermedad, mediante el estudio de la correlaci\u00f3n entre las tendencias epidemiol\u00f3gicas y las desigualdades estructurales a fin de exponer las causas sociales fundamentales de los eventos de salud p\u00fablica, incluida la discriminaci\u00f3n, el estigma y la pobreza. La adici\u00f3n de este campo disciplinario que se propone, se respalda en diversos programas prioritarios de las pol\u00edticas nacionales e internacionales, como por ejemplo el Programa \u201cM\u00e9xico Naci\u00f3n Multicultural\u201d, creado con el fin de impulsar y orientar la reflexi\u00f3n, en todo el quehacer universitario, en torno a las reformas constitucionales que definieron a nuestro pa\u00eds como una Naci\u00f3n Pluricultural; \u201cM\u00e9xico, que en la d\u00e9cada de los cuarenta dio impulso a importantes aportes antropol\u00f3gicos en este rubro, ha venido a la zaga en las pol\u00edticas en salud que se aplican en estas zonas\u201d(OPS-OMS), siendo a\u00fan limitadas las acciones que tratan de reducir la brecha de la desigualdad existente principalmente en contextos pluri\u00e9tnicos. En cuanto a estudios afines, cabe se\u00f1alar que el Instituto de Investigaciones Antropol\u00f3gicas conjuntamente con la Facultad de Filosof\u00eda y Letras de la UNAM, ofrecen un posgrado en Antropolog\u00eda en el cual se realizan trabajosde investigaci\u00f3n en este campo, sin que el programa aborde de manera espec\u00edfica el \u00e1rea de la salud. En la Escuela Nacional de Antropolog\u00eda e Historia del INAH, existi\u00f3 hace dos d\u00e9cadas un programa de Antropolog\u00eda M\u00e9dica, que a partir del a\u00f1o 2000 se concentr\u00f3 en el Centro de Investigaciones y Estudios Superiores en Antropolog\u00eda Social (CIESAS), quedando solo la posibilidad de realizar investigaci\u00f3n en las \u00e1reas de Antropolog\u00eda F\u00edsica y Etnolog\u00eda. A nivel internacional, desde la d\u00e9cada de los 70 existen posgrados en los Estados Unidos, Inglaterra y Francia y posteriormente en Espa\u00f1a, Alemania y Canad\u00e1. En estos pa\u00edses los m\u00e1s importantes son los de Berkeley, la UCLA y Harvard. En Francia floreci\u00f3 un programa en Antropolog\u00eda M\u00e9dica con tendencia social en la Universidad de Par\u00eds y en el Coll\u00e9ge de France con especial atenci\u00f3n en la etnomedicina, la etnopsiquiatr\u00eda y la etnobot\u00e1nica m\u00e9dica. En Espa\u00f1a destaca el posgrado que ofrece la Universidad de Tarragona y en Am\u00e9rica Latina solamente Brasil y Argentina tienen posgrados de esta naturaleza. Este campo disciplinario abarcar\u00e1 la antropolog\u00eda, y a todas las disciplinas que en forma multi e interdisciplinaria convergen en el \u00e1rea de la salud; de tal modo se adiciona un campo disciplinario cubriendo un espacio acad\u00e9mico importante en la formaci\u00f3n de recursos humanos que den respuesta a una de las muchas necesidades del pa\u00eds.<\/p>\n<p>[\/vc_column_text][\/vc_column][vc_column width=&#8221;1\/3&#8243;][\/vc_column][\/vc_row]<\/p>\n<\/div>","protected":false},"excerpt":{"rendered":"<p>[vc_row][vc_column width=&#8221;2\/3&#8243;][vc_column_text]CAMPO DEL CONOCIMIENTO CIENCIAS SOCIOM\u00c9DICAS La antropolog\u00eda en salud es un campo emergente de la antropolog\u00eda social o cultural, fundamentado en la investigaci\u00f3n y la producci\u00f3n de teor\u00edas sobre los procesos sociales y sus representaciones culturales en la salud, la enfermedad y las pr\u00e1cticas de atenci\u00f3n o asistencia relacionadas con ella. En el Sector [&hellip;]<\/p>\n","protected":false},"author":1,"featured_media":0,"parent":257,"menu_order":0,"comment_status":"closed","ping_status":"closed","template":"","meta":{"footnotes":""},"class_list":["post-473","page","type-page","status-publish","hentry"],"_links":{"self":[{"href":"https:\/\/www.pmdcmos.unam.mx\/index.php?rest_route=\/wp\/v2\/pages\/473","targetHints":{"allow":["GET"]}}],"collection":[{"href":"https:\/\/www.pmdcmos.unam.mx\/index.php?rest_route=\/wp\/v2\/pages"}],"about":[{"href":"https:\/\/www.pmdcmos.unam.mx\/index.php?rest_route=\/wp\/v2\/types\/page"}],"author":[{"embeddable":true,"href":"https:\/\/www.pmdcmos.unam.mx\/index.php?rest_route=\/wp\/v2\/users\/1"}],"replies":[{"embeddable":true,"href":"https:\/\/www.pmdcmos.unam.mx\/index.php?rest_route=%2Fwp%2Fv2%2Fcomments&post=473"}],"version-history":[{"count":2,"href":"https:\/\/www.pmdcmos.unam.mx\/index.php?rest_route=\/wp\/v2\/pages\/473\/revisions"}],"predecessor-version":[{"id":494,"href":"https:\/\/www.pmdcmos.unam.mx\/index.php?rest_route=\/wp\/v2\/pages\/473\/revisions\/494"}],"up":[{"embeddable":true,"href":"https:\/\/www.pmdcmos.unam.mx\/index.php?rest_route=\/wp\/v2\/pages\/257"}],"wp:attachment":[{"href":"https:\/\/www.pmdcmos.unam.mx\/index.php?rest_route=%2Fwp%2Fv2%2Fmedia&parent=473"}],"curies":[{"name":"wp","href":"https:\/\/api.w.org\/{rel}","templated":true}]}}