{"id":5036,"date":"2025-11-26T22:21:24","date_gmt":"2025-11-27T04:21:24","guid":{"rendered":"https:\/\/www.pmdcmos.unam.mx\/?page_id=5036"},"modified":"2026-03-17T22:13:16","modified_gmt":"2026-03-18T04:13:16","slug":"luis-guillermo-llorente-peters","status":"publish","type":"page","link":"https:\/\/www.pmdcmos.unam.mx\/?page_id=5036","title":{"rendered":"LUIS GUILLERMO LLORENTE PETERS"},"content":{"rendered":"<div class=\"wpb-content-wrapper\"><p>[vc_row][vc_column][vc_separator css=&#8221;&#8221;][\/vc_column][\/vc_row][vc_row][vc_column][vc_cta h2=&#8221;&#8221; css=&#8221;&#8221;]El Dr. Luis Guillermo Llorente Peters es m\u00e9dico cirujano por la UAM-Xochimilco, con estancias posdoctorales en la Universidad de Alabama en Birmingham y en el INSERM de Clamart, Francia. Actualmente se desempe\u00f1a como Investigador en Ciencias M\u00e9dicas en el Instituto Nacional de Ciencias M\u00e9dicas y Nutrici\u00f3n &#8220;Salvador Zubir\u00e1n&#8221; y es Investigador Nacional Em\u00e9rito del SNII, as\u00ed como acad\u00e9mico titular de la Academia Nacional de Medicina. Con 196 publicaciones y m\u00e1s de 9,500 citas, su l\u00ednea de investigaci\u00f3n se especializa en la inmunopatogenia de las enfermedades reum\u00e1ticas autoinmunes. Su labor cient\u00edfica, enfocada en los mecanismos celulares y moleculares de la autoinmunidad, ha sido fundamental para la reumatolog\u00eda acad\u00e9mica en M\u00e9xico, acumulando un \u00edndice h de 51.<\/p>\n<p>Fuente principal: Documentaci\u00f3n del programa y actualizaci\u00f3n de repositorios p\u00fablicos.<br \/>\n<a href=\"https:\/\/www.researchgate.net\/profile\/Luis-Guillermo-Llorente-Peters\">https:\/\/www.researchgate.net\/profile\/Luis-Guillermo-Llorente-Peters<\/a><br \/>\n<a href=\"https:\/\/www.incmnsz.mx\/opencms\/contenido\/departamentos\/inmunologia\/directorio.html\">https:\/\/www.incmnsz.mx\/opencms\/contenido\/departamentos\/inmunologia\/directorio.html<\/a>[\/vc_cta][\/vc_column][\/vc_row]<\/p>\n<\/div>","protected":false},"excerpt":{"rendered":"<p>[vc_row][vc_column][vc_separator css=&#8221;&#8221;][\/vc_column][\/vc_row][vc_row][vc_column][vc_cta h2=&#8221;&#8221; css=&#8221;&#8221;]El Dr. Luis Guillermo Llorente Peters es m\u00e9dico cirujano por la UAM-Xochimilco, con estancias posdoctorales en la Universidad de Alabama en Birmingham y en el INSERM de Clamart, Francia. Actualmente se desempe\u00f1a como Investigador en Ciencias M\u00e9dicas en el Instituto Nacional de Ciencias M\u00e9dicas y Nutrici\u00f3n &#8220;Salvador Zubir\u00e1n&#8221; y es Investigador Nacional [&hellip;]<\/p>\n","protected":false},"author":1,"featured_media":0,"parent":0,"menu_order":0,"comment_status":"closed","ping_status":"closed","template":"","meta":{"footnotes":""},"class_list":["post-5036","page","type-page","status-publish","hentry"],"_links":{"self":[{"href":"https:\/\/www.pmdcmos.unam.mx\/index.php?rest_route=\/wp\/v2\/pages\/5036","targetHints":{"allow":["GET"]}}],"collection":[{"href":"https:\/\/www.pmdcmos.unam.mx\/index.php?rest_route=\/wp\/v2\/pages"}],"about":[{"href":"https:\/\/www.pmdcmos.unam.mx\/index.php?rest_route=\/wp\/v2\/types\/page"}],"author":[{"embeddable":true,"href":"https:\/\/www.pmdcmos.unam.mx\/index.php?rest_route=\/wp\/v2\/users\/1"}],"replies":[{"embeddable":true,"href":"https:\/\/www.pmdcmos.unam.mx\/index.php?rest_route=%2Fwp%2Fv2%2Fcomments&post=5036"}],"version-history":[{"count":6,"href":"https:\/\/www.pmdcmos.unam.mx\/index.php?rest_route=\/wp\/v2\/pages\/5036\/revisions"}],"predecessor-version":[{"id":6922,"href":"https:\/\/www.pmdcmos.unam.mx\/index.php?rest_route=\/wp\/v2\/pages\/5036\/revisions\/6922"}],"wp:attachment":[{"href":"https:\/\/www.pmdcmos.unam.mx\/index.php?rest_route=%2Fwp%2Fv2%2Fmedia&parent=5036"}],"curies":[{"name":"wp","href":"https:\/\/api.w.org\/{rel}","templated":true}]}}