{"id":5053,"date":"2025-11-26T22:37:33","date_gmt":"2025-11-27T04:37:33","guid":{"rendered":"https:\/\/www.pmdcmos.unam.mx\/?page_id=5053"},"modified":"2026-03-17T22:52:26","modified_gmt":"2026-03-18T04:52:26","slug":"mara-medeiros-domingo","status":"publish","type":"page","link":"https:\/\/www.pmdcmos.unam.mx\/?page_id=5053","title":{"rendered":"MARA MEDEIROS DOMINGO"},"content":{"rendered":"<div class=\"wpb-content-wrapper\"><p>[vc_row][vc_column][vc_separator css=&#8221;&#8221;][\/vc_column][\/vc_row][vc_row][vc_column][vc_cta h2=&#8221;&#8221; css=&#8221;&#8221;]Es Investigadora Titular \u201dC\u201d de Tiempo Completo Definitivo en el Instituto de Investigaciones Biom\u00e9dicas de la UNAM. Posee el grado de Doctora y es Nivel III del Sistema Nacional de Investigadores. Su l\u00ednea de investigaci\u00f3n principal es la fisiolog\u00eda renal y la bioenerg\u00e9tica celular. Sus publicaciones se centran en el estudio de los mecanismos moleculares del transporte de iones en el ri\u00f1\u00f3n, particularmente el papel de los canales de potasio (como ROMK) y el metabolismo mitocondrial en la nefrona. Su trabajo busca entender c\u00f3mo las disfunciones en estos procesos contribuyen al desarrollo de la hipertensi\u00f3n arterial y el da\u00f1o renal. Se le identifica como una prol\u00edfica directora y asesora de tesis de posgrado en TESIUNAM.<\/p>\n<p>Fuente principal: Documentaci\u00f3n de programa y actualizaci\u00f3n de repositorios p\u00fablicos.<\/p>\n<p>SIIA UNAM &#8211; <a href=\"https:\/\/siia.unam.mx\/siia-publico\/c\/busqueda_individual.php?id=101416\">https:\/\/siia.unam.mx\/siia-publico\/c\/busqueda_individual.php?id=101416<\/a>[\/vc_cta][\/vc_column][\/vc_row]<\/p>\n<\/div>","protected":false},"excerpt":{"rendered":"<p>[vc_row][vc_column][vc_separator css=&#8221;&#8221;][\/vc_column][\/vc_row][vc_row][vc_column][vc_cta h2=&#8221;&#8221; css=&#8221;&#8221;]Es Investigadora Titular \u201dC\u201d de Tiempo Completo Definitivo en el Instituto de Investigaciones Biom\u00e9dicas de la UNAM. Posee el grado de Doctora y es Nivel III del Sistema Nacional de Investigadores. Su l\u00ednea de investigaci\u00f3n principal es la fisiolog\u00eda renal y la bioenerg\u00e9tica celular. Sus publicaciones se centran en el estudio de [&hellip;]<\/p>\n","protected":false},"author":1,"featured_media":0,"parent":0,"menu_order":0,"comment_status":"closed","ping_status":"closed","template":"","meta":{"footnotes":""},"class_list":["post-5053","page","type-page","status-publish","hentry"],"_links":{"self":[{"href":"https:\/\/www.pmdcmos.unam.mx\/index.php?rest_route=\/wp\/v2\/pages\/5053","targetHints":{"allow":["GET"]}}],"collection":[{"href":"https:\/\/www.pmdcmos.unam.mx\/index.php?rest_route=\/wp\/v2\/pages"}],"about":[{"href":"https:\/\/www.pmdcmos.unam.mx\/index.php?rest_route=\/wp\/v2\/types\/page"}],"author":[{"embeddable":true,"href":"https:\/\/www.pmdcmos.unam.mx\/index.php?rest_route=\/wp\/v2\/users\/1"}],"replies":[{"embeddable":true,"href":"https:\/\/www.pmdcmos.unam.mx\/index.php?rest_route=%2Fwp%2Fv2%2Fcomments&post=5053"}],"version-history":[{"count":3,"href":"https:\/\/www.pmdcmos.unam.mx\/index.php?rest_route=\/wp\/v2\/pages\/5053\/revisions"}],"predecessor-version":[{"id":6928,"href":"https:\/\/www.pmdcmos.unam.mx\/index.php?rest_route=\/wp\/v2\/pages\/5053\/revisions\/6928"}],"wp:attachment":[{"href":"https:\/\/www.pmdcmos.unam.mx\/index.php?rest_route=%2Fwp%2Fv2%2Fmedia&parent=5053"}],"curies":[{"name":"wp","href":"https:\/\/api.w.org\/{rel}","templated":true}]}}