{"id":5057,"date":"2025-11-26T22:40:06","date_gmt":"2025-11-27T04:40:06","guid":{"rendered":"https:\/\/www.pmdcmos.unam.mx\/?page_id=5057"},"modified":"2026-03-17T22:57:03","modified_gmt":"2026-03-18T04:57:03","slug":"marcela-agudelo-botero","status":"publish","type":"page","link":"https:\/\/www.pmdcmos.unam.mx\/?page_id=5057","title":{"rendered":"MARCELA AGUDELO BOTERO"},"content":{"rendered":"<div class=\"wpb-content-wrapper\"><p>[vc_row][vc_column][vc_separator css=&#8221;&#8221;][\/vc_column][\/vc_row][vc_row][vc_column][vc_cta h2=&#8221;&#8221; css=&#8221;&#8221;]MARCELA AGUDELO BOTERO es Profesora de Carrera Titular A en la Facultad de Medicina de la UNAM y miembro del Sistema Nacional de Investigadores, nivel II. Doctora en Estudios de Poblaci\u00f3n por El Colegio de M\u00e9xico y Maestra en Demograf\u00eda, ha consolidado una trayectoria en el an\u00e1lisis de la carga de la enfermedad, envejecimiento poblacional, inequidades en salud y pol\u00edticas p\u00fablicas en M\u00e9xico y Am\u00e9rica Latina. Sus publicaciones abarcan revistas como The Lancet, BMJ Global Health, Frontiers in Medicine, Archives of Medical Research, Salud P\u00fablica de M\u00e9xico y Revista Panamericana de Salud P\u00fablica. Ha participado en proyectos multic\u00e9ntricos sobre salud de adultos mayores, violencia hacia mujeres mayores y enfermedades cr\u00f3nicas, adem\u00e1s de colaborar con el Institute for Health Metrics and Evaluation (IHME) en el estudio de la Carga Global de la Enfermedad. Es acad\u00e9mica numeraria de la Academia Nacional de Medicina de M\u00e9xico y miembro de la Academia Mexicana de Ciencias.<\/p>\n<p>Fuente: Documentaci\u00f3n del programa y actualizaci\u00f3n con repositorios p\u00fablicos.<\/p>\n<p>SIIA UNAM &#8211; <a href=\"https:\/\/web.siia.unam.mx\/siia-publico\/c\/busqueda_individual.php?id=144246\">https:\/\/web.siia.unam.mx\/siia-publico\/c\/busqueda_individual.php?id=144246<\/a>[\/vc_cta][\/vc_column][\/vc_row]<\/p>\n<\/div>","protected":false},"excerpt":{"rendered":"<p>[vc_row][vc_column][vc_separator css=&#8221;&#8221;][\/vc_column][\/vc_row][vc_row][vc_column][vc_cta h2=&#8221;&#8221; css=&#8221;&#8221;]MARCELA AGUDELO BOTERO es Profesora de Carrera Titular A en la Facultad de Medicina de la UNAM y miembro del Sistema Nacional de Investigadores, nivel II. Doctora en Estudios de Poblaci\u00f3n por El Colegio de M\u00e9xico y Maestra en Demograf\u00eda, ha consolidado una trayectoria en el an\u00e1lisis de la carga de la [&hellip;]<\/p>\n","protected":false},"author":1,"featured_media":0,"parent":0,"menu_order":0,"comment_status":"closed","ping_status":"closed","template":"","meta":{"footnotes":""},"class_list":["post-5057","page","type-page","status-publish","hentry"],"_links":{"self":[{"href":"https:\/\/www.pmdcmos.unam.mx\/index.php?rest_route=\/wp\/v2\/pages\/5057","targetHints":{"allow":["GET"]}}],"collection":[{"href":"https:\/\/www.pmdcmos.unam.mx\/index.php?rest_route=\/wp\/v2\/pages"}],"about":[{"href":"https:\/\/www.pmdcmos.unam.mx\/index.php?rest_route=\/wp\/v2\/types\/page"}],"author":[{"embeddable":true,"href":"https:\/\/www.pmdcmos.unam.mx\/index.php?rest_route=\/wp\/v2\/users\/1"}],"replies":[{"embeddable":true,"href":"https:\/\/www.pmdcmos.unam.mx\/index.php?rest_route=%2Fwp%2Fv2%2Fcomments&post=5057"}],"version-history":[{"count":3,"href":"https:\/\/www.pmdcmos.unam.mx\/index.php?rest_route=\/wp\/v2\/pages\/5057\/revisions"}],"predecessor-version":[{"id":6930,"href":"https:\/\/www.pmdcmos.unam.mx\/index.php?rest_route=\/wp\/v2\/pages\/5057\/revisions\/6930"}],"wp:attachment":[{"href":"https:\/\/www.pmdcmos.unam.mx\/index.php?rest_route=%2Fwp%2Fv2%2Fmedia&parent=5057"}],"curies":[{"name":"wp","href":"https:\/\/api.w.org\/{rel}","templated":true}]}}