{"id":5075,"date":"2025-11-26T22:57:45","date_gmt":"2025-11-27T04:57:45","guid":{"rendered":"https:\/\/www.pmdcmos.unam.mx\/?page_id=5075"},"modified":"2026-03-17T23:24:35","modified_gmt":"2026-03-18T05:24:35","slug":"maria-alejandra-gonzalez-duarte-briseno","status":"publish","type":"page","link":"https:\/\/www.pmdcmos.unam.mx\/?page_id=5075","title":{"rendered":"MAR\u00cdA ALEJANDRA GONZALEZ DUARTE BRISE\u00d1O"},"content":{"rendered":"<div class=\"wpb-content-wrapper\"><p>[vc_row][vc_column][vc_separator css=&#8221;&#8221;][\/vc_column][\/vc_row][vc_row][vc_column][vc_cta h2=&#8221;&#8221; css=&#8221;&#8221;]Es Profesora de Asignatura &#8216;A&#8217; en la Facultad de Medicina de la UNAM y Nivel III del Sistema Nacional de Investigadores. Desarrolla su actividad principal como Investigadora Titular en el Instituto Nacional de Ciencias M\u00e9dicas y Nutrici\u00f3n Salvador Zubir\u00e1n (INCMNSZ), donde es Jefa del Laboratorio de Enfermedades Raras. Su l\u00ednea de investigaci\u00f3n principal es la neurolog\u00eda y la gen\u00e9tica de enfermedades raras. Sus publicaciones, visibles en su perfil SIIA y como directora de tesis en TESIUNAM, se centran en la caracterizaci\u00f3n cl\u00ednica, bioqu\u00edmica y molecular de padecimientos como la enfermedad de Fabry, la amiloidosis hereditaria (ATTR) y otras neuropat\u00edas perif\u00e9ricas.<\/p>\n<p>Fuente principal: Documentaci\u00f3n de programa y actualizaci\u00f3n de repositorios p\u00fablicos.<\/p>\n<p>SIIA UNAM &#8211; <a href=\"https:\/\/web.siia.unam.mx\/siia-publico\/c\/busqueda_individual.php?id=83023\">https:\/\/web.siia.unam.mx\/siia-publico\/c\/busqueda_individual.php?id=83023<\/a>[\/vc_cta][\/vc_column][\/vc_row]<\/p>\n<\/div>","protected":false},"excerpt":{"rendered":"<p>[vc_row][vc_column][vc_separator css=&#8221;&#8221;][\/vc_column][\/vc_row][vc_row][vc_column][vc_cta h2=&#8221;&#8221; css=&#8221;&#8221;]Es Profesora de Asignatura &#8216;A&#8217; en la Facultad de Medicina de la UNAM y Nivel III del Sistema Nacional de Investigadores. Desarrolla su actividad principal como Investigadora Titular en el Instituto Nacional de Ciencias M\u00e9dicas y Nutrici\u00f3n Salvador Zubir\u00e1n (INCMNSZ), donde es Jefa del Laboratorio de Enfermedades Raras. Su l\u00ednea de investigaci\u00f3n [&hellip;]<\/p>\n","protected":false},"author":1,"featured_media":0,"parent":0,"menu_order":0,"comment_status":"closed","ping_status":"closed","template":"","meta":{"footnotes":""},"class_list":["post-5075","page","type-page","status-publish","hentry"],"_links":{"self":[{"href":"https:\/\/www.pmdcmos.unam.mx\/index.php?rest_route=\/wp\/v2\/pages\/5075","targetHints":{"allow":["GET"]}}],"collection":[{"href":"https:\/\/www.pmdcmos.unam.mx\/index.php?rest_route=\/wp\/v2\/pages"}],"about":[{"href":"https:\/\/www.pmdcmos.unam.mx\/index.php?rest_route=\/wp\/v2\/types\/page"}],"author":[{"embeddable":true,"href":"https:\/\/www.pmdcmos.unam.mx\/index.php?rest_route=\/wp\/v2\/users\/1"}],"replies":[{"embeddable":true,"href":"https:\/\/www.pmdcmos.unam.mx\/index.php?rest_route=%2Fwp%2Fv2%2Fcomments&post=5075"}],"version-history":[{"count":4,"href":"https:\/\/www.pmdcmos.unam.mx\/index.php?rest_route=\/wp\/v2\/pages\/5075\/revisions"}],"predecessor-version":[{"id":6937,"href":"https:\/\/www.pmdcmos.unam.mx\/index.php?rest_route=\/wp\/v2\/pages\/5075\/revisions\/6937"}],"wp:attachment":[{"href":"https:\/\/www.pmdcmos.unam.mx\/index.php?rest_route=%2Fwp%2Fv2%2Fmedia&parent=5075"}],"curies":[{"name":"wp","href":"https:\/\/api.w.org\/{rel}","templated":true}]}}