{"id":5144,"date":"2025-11-27T15:14:19","date_gmt":"2025-11-27T21:14:19","guid":{"rendered":"https:\/\/www.pmdcmos.unam.mx\/?page_id=5144"},"modified":"2026-03-18T00:19:03","modified_gmt":"2026-03-18T06:19:03","slug":"martha-patricia-romero-mendoza","status":"publish","type":"page","link":"https:\/\/www.pmdcmos.unam.mx\/?page_id=5144","title":{"rendered":"MARTHA PATRICIA ROMERO MENDOZA"},"content":{"rendered":"<div class=\"wpb-content-wrapper\"><p>[vc_row][vc_column][vc_separator css=&#8221;&#8221;][\/vc_column][\/vc_row][vc_row][vc_column][vc_cta h2=&#8221;&#8221; css=&#8221;&#8221;]Es Profesora en el programa de Posgrado de la Facultad de Psicolog\u00eda de la UNAM. Paralelamente, es Investigadora en Ciencias M\u00e9dicas en el Instituto Nacional de Psiquiatr\u00eda Ram\u00f3n de la Fuente Mu\u00f1iz (INPRFM). Posee el grado de Doctora. Su l\u00ednea de investigaci\u00f3n principal, visible en sus publicaciones, es la salud mental y las adicciones. Sus trabajos, con un enfoque frecuentemente cualitativo, exploran el estudio de las adicciones en mujeres y su comorbilidad con otros padecimientos mentales, as\u00ed como la investigaci\u00f3n en poblaciones ocultas. Se le identifica como asesora de tesis en la UNAM.<\/p>\n<p>Fuente principal: Documentaci\u00f3n de programa y actualizaci\u00f3n de repositorios p\u00fablicos.<\/p>\n<p>SIIA UNAM &#8211; <a href=\"https:\/\/web.siia.unam.mx\/siia-publico\/c\/busqueda_individual.php?id=126403\">https:\/\/web.siia.unam.mx\/siia-publico\/c\/busqueda_individual.php?id=126403<\/a>[\/vc_cta][\/vc_column][\/vc_row]<\/p>\n<\/div>","protected":false},"excerpt":{"rendered":"<p>[vc_row][vc_column][vc_separator css=&#8221;&#8221;][\/vc_column][\/vc_row][vc_row][vc_column][vc_cta h2=&#8221;&#8221; css=&#8221;&#8221;]Es Profesora en el programa de Posgrado de la Facultad de Psicolog\u00eda de la UNAM. Paralelamente, es Investigadora en Ciencias M\u00e9dicas en el Instituto Nacional de Psiquiatr\u00eda Ram\u00f3n de la Fuente Mu\u00f1iz (INPRFM). Posee el grado de Doctora. Su l\u00ednea de investigaci\u00f3n principal, visible en sus publicaciones, es la salud mental y [&hellip;]<\/p>\n","protected":false},"author":1,"featured_media":0,"parent":0,"menu_order":0,"comment_status":"closed","ping_status":"closed","template":"","meta":{"footnotes":""},"class_list":["post-5144","page","type-page","status-publish","hentry"],"_links":{"self":[{"href":"https:\/\/www.pmdcmos.unam.mx\/index.php?rest_route=\/wp\/v2\/pages\/5144","targetHints":{"allow":["GET"]}}],"collection":[{"href":"https:\/\/www.pmdcmos.unam.mx\/index.php?rest_route=\/wp\/v2\/pages"}],"about":[{"href":"https:\/\/www.pmdcmos.unam.mx\/index.php?rest_route=\/wp\/v2\/types\/page"}],"author":[{"embeddable":true,"href":"https:\/\/www.pmdcmos.unam.mx\/index.php?rest_route=\/wp\/v2\/users\/1"}],"replies":[{"embeddable":true,"href":"https:\/\/www.pmdcmos.unam.mx\/index.php?rest_route=%2Fwp%2Fv2%2Fcomments&post=5144"}],"version-history":[{"count":4,"href":"https:\/\/www.pmdcmos.unam.mx\/index.php?rest_route=\/wp\/v2\/pages\/5144\/revisions"}],"predecessor-version":[{"id":6963,"href":"https:\/\/www.pmdcmos.unam.mx\/index.php?rest_route=\/wp\/v2\/pages\/5144\/revisions\/6963"}],"wp:attachment":[{"href":"https:\/\/www.pmdcmos.unam.mx\/index.php?rest_route=%2Fwp%2Fv2%2Fmedia&parent=5144"}],"curies":[{"name":"wp","href":"https:\/\/api.w.org\/{rel}","templated":true}]}}