{"id":5209,"date":"2025-11-28T13:48:10","date_gmt":"2025-11-28T19:48:10","guid":{"rendered":"https:\/\/www.pmdcmos.unam.mx\/?page_id=5209"},"modified":"2026-03-18T01:12:40","modified_gmt":"2026-03-18T07:12:40","slug":"rolando-espinosa-morales","status":"publish","type":"page","link":"https:\/\/www.pmdcmos.unam.mx\/?page_id=5209","title":{"rendered":"ROLANDO ESPINOSA MORALES"},"content":{"rendered":"<div class=\"wpb-content-wrapper\"><p>[vc_row][vc_column][vc_separator css=&#8221;&#8221;][\/vc_column][\/vc_row][vc_row][vc_column][vc_cta h2=&#8221;&#8221; css=&#8221;&#8221;]El Dr. Rolando Espinosa Morales es m\u00e9dico cirujano egresado de la Universidad Nacional Aut\u00f3noma de M\u00e9xico (UNAM) con especialidad en Medicina Interna y Reumatolog\u00eda. Actualmente se desempe\u00f1a como Profesor de Asignatura en la Facultad de Medicina de la UNAM. Su l\u00ednea de investigaci\u00f3n se centra en las enfermedades reumatol\u00f3gicas, particularmente en artritis reumatoide, osteoartritis y espondiloartropat\u00edas, con \u00e9nfasis en el estudio de biomarcadores y calidad de vida en pacientes con enfermedades musculoesquel\u00e9ticas.<\/p>\n<p>Fuente principal: Documentaci\u00f3n de programa y actualizaci\u00f3n de repositorios p\u00fablicos.<\/p>\n<p>SIIA UNAM &#8211;\u00a0<a href=\"https:\/\/web.siia.unam.mx\/siia-publico\/c\/busqueda_individual.php?id=116590\">https:\/\/web.siia.unam.mx\/siia-publico\/c\/busqueda_individual.php?id=116590<\/a>[\/vc_cta][\/vc_column][\/vc_row]<\/p>\n<\/div>","protected":false},"excerpt":{"rendered":"<p>[vc_row][vc_column][vc_separator css=&#8221;&#8221;][\/vc_column][\/vc_row][vc_row][vc_column][vc_cta h2=&#8221;&#8221; css=&#8221;&#8221;]El Dr. Rolando Espinosa Morales es m\u00e9dico cirujano egresado de la Universidad Nacional Aut\u00f3noma de M\u00e9xico (UNAM) con especialidad en Medicina Interna y Reumatolog\u00eda. Actualmente se desempe\u00f1a como Profesor de Asignatura en la Facultad de Medicina de la UNAM. Su l\u00ednea de investigaci\u00f3n se centra en las enfermedades reumatol\u00f3gicas, particularmente en artritis [&hellip;]<\/p>\n","protected":false},"author":1,"featured_media":0,"parent":0,"menu_order":0,"comment_status":"closed","ping_status":"closed","template":"","meta":{"footnotes":""},"class_list":["post-5209","page","type-page","status-publish","hentry"],"_links":{"self":[{"href":"https:\/\/www.pmdcmos.unam.mx\/index.php?rest_route=\/wp\/v2\/pages\/5209","targetHints":{"allow":["GET"]}}],"collection":[{"href":"https:\/\/www.pmdcmos.unam.mx\/index.php?rest_route=\/wp\/v2\/pages"}],"about":[{"href":"https:\/\/www.pmdcmos.unam.mx\/index.php?rest_route=\/wp\/v2\/types\/page"}],"author":[{"embeddable":true,"href":"https:\/\/www.pmdcmos.unam.mx\/index.php?rest_route=\/wp\/v2\/users\/1"}],"replies":[{"embeddable":true,"href":"https:\/\/www.pmdcmos.unam.mx\/index.php?rest_route=%2Fwp%2Fv2%2Fcomments&post=5209"}],"version-history":[{"count":3,"href":"https:\/\/www.pmdcmos.unam.mx\/index.php?rest_route=\/wp\/v2\/pages\/5209\/revisions"}],"predecessor-version":[{"id":7012,"href":"https:\/\/www.pmdcmos.unam.mx\/index.php?rest_route=\/wp\/v2\/pages\/5209\/revisions\/7012"}],"wp:attachment":[{"href":"https:\/\/www.pmdcmos.unam.mx\/index.php?rest_route=%2Fwp%2Fv2%2Fmedia&parent=5209"}],"curies":[{"name":"wp","href":"https:\/\/api.w.org\/{rel}","templated":true}]}}