{"id":5224,"date":"2025-11-28T14:03:32","date_gmt":"2025-11-28T20:03:32","guid":{"rendered":"https:\/\/www.pmdcmos.unam.mx\/?page_id=5224"},"modified":"2026-03-18T01:20:48","modified_gmt":"2026-03-18T07:20:48","slug":"segundo-moran-villota","status":"publish","type":"page","link":"https:\/\/www.pmdcmos.unam.mx\/?page_id=5224","title":{"rendered":"SEGUNDO MOR\u00c1N VILLOTA"},"content":{"rendered":"<div class=\"wpb-content-wrapper\"><p>[vc_row][vc_column][vc_separator css=&#8221;&#8221;][\/vc_column][\/vc_row][vc_row][vc_column][vc_cta h2=&#8221;&#8221; css=&#8221;&#8221;]El Dr. Segundo Mor\u00e1n Villota es gastroenter\u00f3logo con adscripci\u00f3n al Instituto Mexicano del Seguro Social (IMSS), cuyo trabajo cient\u00edfico se enfoca en **nutrici\u00f3n cl\u00ednica**, **gastroenterolog\u00eda y hepatolog\u00eda**. Ha publicado sobre temas como la nutrici\u00f3n en pacientes con enfermedades hep\u00e1ticas, composici\u00f3n corporal e hidrataci\u00f3n en cirrosis hep\u00e1tica y el manejo nutricional en pancreatitis aguda en poblaci\u00f3n pedi\u00e1trica.<\/p>\n<p>Fuente principal: Documentaci\u00f3n de programa y actualizaci\u00f3n de repositorios p\u00fablicos.<\/p>\n<p><a href=\"https:\/\/scholar.google.com\/citations?hl=es&amp;user=EGqxfhEAAAAJ\">https:\/\/scholar.google.com\/citations?hl=es&amp;user=EGqxfhEAAAAJ<\/a>[\/vc_cta][\/vc_column][\/vc_row]<\/p>\n<\/div>","protected":false},"excerpt":{"rendered":"<p>[vc_row][vc_column][vc_separator css=&#8221;&#8221;][\/vc_column][\/vc_row][vc_row][vc_column][vc_cta h2=&#8221;&#8221; css=&#8221;&#8221;]El Dr. Segundo Mor\u00e1n Villota es gastroenter\u00f3logo con adscripci\u00f3n al Instituto Mexicano del Seguro Social (IMSS), cuyo trabajo cient\u00edfico se enfoca en **nutrici\u00f3n cl\u00ednica**, **gastroenterolog\u00eda y hepatolog\u00eda**. Ha publicado sobre temas como la nutrici\u00f3n en pacientes con enfermedades hep\u00e1ticas, composici\u00f3n corporal e hidrataci\u00f3n en cirrosis hep\u00e1tica y el manejo nutricional en pancreatitis [&hellip;]<\/p>\n","protected":false},"author":1,"featured_media":0,"parent":0,"menu_order":0,"comment_status":"closed","ping_status":"closed","template":"","meta":{"footnotes":""},"class_list":["post-5224","page","type-page","status-publish","hentry"],"_links":{"self":[{"href":"https:\/\/www.pmdcmos.unam.mx\/index.php?rest_route=\/wp\/v2\/pages\/5224","targetHints":{"allow":["GET"]}}],"collection":[{"href":"https:\/\/www.pmdcmos.unam.mx\/index.php?rest_route=\/wp\/v2\/pages"}],"about":[{"href":"https:\/\/www.pmdcmos.unam.mx\/index.php?rest_route=\/wp\/v2\/types\/page"}],"author":[{"embeddable":true,"href":"https:\/\/www.pmdcmos.unam.mx\/index.php?rest_route=\/wp\/v2\/users\/1"}],"replies":[{"embeddable":true,"href":"https:\/\/www.pmdcmos.unam.mx\/index.php?rest_route=%2Fwp%2Fv2%2Fcomments&post=5224"}],"version-history":[{"count":3,"href":"https:\/\/www.pmdcmos.unam.mx\/index.php?rest_route=\/wp\/v2\/pages\/5224\/revisions"}],"predecessor-version":[{"id":7020,"href":"https:\/\/www.pmdcmos.unam.mx\/index.php?rest_route=\/wp\/v2\/pages\/5224\/revisions\/7020"}],"wp:attachment":[{"href":"https:\/\/www.pmdcmos.unam.mx\/index.php?rest_route=%2Fwp%2Fv2%2Fmedia&parent=5224"}],"curies":[{"name":"wp","href":"https:\/\/api.w.org\/{rel}","templated":true}]}}