{"id":5316,"date":"2025-12-05T12:50:30","date_gmt":"2025-12-05T18:50:30","guid":{"rendered":"https:\/\/www.pmdcmos.unam.mx\/?page_id=5316"},"modified":"2026-03-10T18:24:46","modified_gmt":"2026-03-11T00:24:46","slug":"antelmo-abelardo-meneses-garcia","status":"publish","type":"page","link":"https:\/\/www.pmdcmos.unam.mx\/?page_id=5316","title":{"rendered":"ANTELMO ABELARDO MENESES GARC\u00cdA"},"content":{"rendered":"<div class=\"wpb-content-wrapper\"><p>[vc_row][vc_column][vc_separator css=&#8221;&#8221;][\/vc_column][\/vc_row][vc_row][vc_column][vc_cta h2=&#8221;&#8221; css=&#8221;&#8221;]El Dr. Antelmo Abelardo Meneses Garc\u00eda es parte del Sistema de Informaci\u00f3n Integral de la Universidad Nacional Aut\u00f3noma de M\u00e9xico (SIIA-UNAM) como autor externo, con diversas publicaciones en revistas acad\u00e9micas del \u00e1rea m\u00e9dica. Su trabajo se enfoca en la oncolog\u00eda, con \u00e9nfasis en el estudio del c\u00e1ncer, las medidas de reducci\u00f3n de riesgo quir\u00fargico y la calidad de vida de los pacientes. Ha participado como asesor en tesis del Posgrado en Ciencias M\u00e9dicas, Odontol\u00f3gicas y de la Salud de la UNAM, contribuyendo al desarrollo de investigaci\u00f3n cl\u00ednica en medicina oncol\u00f3gica.<\/p>\n<p>Fuente principal: Documentaci\u00f3n de programa y actualizaci\u00f3n de repositorios p\u00fablicos:<\/p>\n<p><a href=\"https:\/\/web.siia.unam.mx\/siia-publico\/c\/busqueda_individual.php?id=74392\">https:\/\/web.siia.unam.mx\/siia-publico\/c\/busqueda_individual.php?id=74392<\/a>[\/vc_cta][\/vc_column][\/vc_row]<\/p>\n<\/div>","protected":false},"excerpt":{"rendered":"<p>[vc_row][vc_column][vc_separator css=&#8221;&#8221;][\/vc_column][\/vc_row][vc_row][vc_column][vc_cta h2=&#8221;&#8221; css=&#8221;&#8221;]El Dr. Antelmo Abelardo Meneses Garc\u00eda es parte del Sistema de Informaci\u00f3n Integral de la Universidad Nacional Aut\u00f3noma de M\u00e9xico (SIIA-UNAM) como autor externo, con diversas publicaciones en revistas acad\u00e9micas del \u00e1rea m\u00e9dica. Su trabajo se enfoca en la oncolog\u00eda, con \u00e9nfasis en el estudio del c\u00e1ncer, las medidas de reducci\u00f3n de [&hellip;]<\/p>\n","protected":false},"author":1,"featured_media":0,"parent":0,"menu_order":0,"comment_status":"closed","ping_status":"closed","template":"","meta":{"footnotes":""},"class_list":["post-5316","page","type-page","status-publish","hentry"],"_links":{"self":[{"href":"https:\/\/www.pmdcmos.unam.mx\/index.php?rest_route=\/wp\/v2\/pages\/5316","targetHints":{"allow":["GET"]}}],"collection":[{"href":"https:\/\/www.pmdcmos.unam.mx\/index.php?rest_route=\/wp\/v2\/pages"}],"about":[{"href":"https:\/\/www.pmdcmos.unam.mx\/index.php?rest_route=\/wp\/v2\/types\/page"}],"author":[{"embeddable":true,"href":"https:\/\/www.pmdcmos.unam.mx\/index.php?rest_route=\/wp\/v2\/users\/1"}],"replies":[{"embeddable":true,"href":"https:\/\/www.pmdcmos.unam.mx\/index.php?rest_route=%2Fwp%2Fv2%2Fcomments&post=5316"}],"version-history":[{"count":3,"href":"https:\/\/www.pmdcmos.unam.mx\/index.php?rest_route=\/wp\/v2\/pages\/5316\/revisions"}],"predecessor-version":[{"id":6733,"href":"https:\/\/www.pmdcmos.unam.mx\/index.php?rest_route=\/wp\/v2\/pages\/5316\/revisions\/6733"}],"wp:attachment":[{"href":"https:\/\/www.pmdcmos.unam.mx\/index.php?rest_route=%2Fwp%2Fv2%2Fmedia&parent=5316"}],"curies":[{"name":"wp","href":"https:\/\/api.w.org\/{rel}","templated":true}]}}