{"id":5512,"date":"2026-01-05T14:40:03","date_gmt":"2026-01-05T20:40:03","guid":{"rendered":"https:\/\/www.pmdcmos.unam.mx\/?page_id=5512"},"modified":"2026-03-10T09:49:24","modified_gmt":"2026-03-10T15:49:24","slug":"alba-dolores-morales-cosme","status":"publish","type":"page","link":"https:\/\/www.pmdcmos.unam.mx\/?page_id=5512","title":{"rendered":"ALBA DOLORES MORALES COSME"},"content":{"rendered":"<div class=\"wpb-content-wrapper\"><p>[vc_row][vc_column][vc_separator css=&#8221;&#8221;][\/vc_column][\/vc_row][vc_row][vc_column][vc_cta h2=&#8221;&#8221; css=&#8221;&#8221;]La Dra. Alba Dolores Morales Cosme es profesora de tiempo completo en la Facultad de Medicina, UNAM. Bi\u00f3loga con doctorado en Ciencias Biom\u00e9dicas, se especializa en biolog\u00eda molecular del c\u00e1ncer, estudiando mecanismos de invasi\u00f3n y met\u00e1stasis. Ha participado en proyectos sobre regulaci\u00f3n g\u00e9nica y terapias dirigidas, y dirigido tesis de posgrado en biolog\u00eda molecular aplicada.<\/p>\n<p>Fuente: Documentaci\u00f3n del programa y actualizaci\u00f3n con repositorios p\u00fablicos: SIIA UNAM.<\/p>\n<p>Perfil SIIA \u2013 Alba Dolores Morales Cosme: <a href=\"https:\/\/web.siia.unam.mx\/siia-publico\/c\/busqueda_individual.php?id=100711\">https:\/\/web.siia.unam.mx\/siia-publico\/c\/busqueda_individual.php?id=100711<\/a>[\/vc_cta][\/vc_column][\/vc_row]<\/p>\n<\/div>","protected":false},"excerpt":{"rendered":"<p>[vc_row][vc_column][vc_separator css=&#8221;&#8221;][\/vc_column][\/vc_row][vc_row][vc_column][vc_cta h2=&#8221;&#8221; css=&#8221;&#8221;]La Dra. Alba Dolores Morales Cosme es profesora de tiempo completo en la Facultad de Medicina, UNAM. Bi\u00f3loga con doctorado en Ciencias Biom\u00e9dicas, se especializa en biolog\u00eda molecular del c\u00e1ncer, estudiando mecanismos de invasi\u00f3n y met\u00e1stasis. Ha participado en proyectos sobre regulaci\u00f3n g\u00e9nica y terapias dirigidas, y dirigido tesis de posgrado en [&hellip;]<\/p>\n","protected":false},"author":1,"featured_media":0,"parent":0,"menu_order":0,"comment_status":"closed","ping_status":"closed","template":"","meta":{"footnotes":""},"class_list":["post-5512","page","type-page","status-publish","hentry"],"_links":{"self":[{"href":"https:\/\/www.pmdcmos.unam.mx\/index.php?rest_route=\/wp\/v2\/pages\/5512","targetHints":{"allow":["GET"]}}],"collection":[{"href":"https:\/\/www.pmdcmos.unam.mx\/index.php?rest_route=\/wp\/v2\/pages"}],"about":[{"href":"https:\/\/www.pmdcmos.unam.mx\/index.php?rest_route=\/wp\/v2\/types\/page"}],"author":[{"embeddable":true,"href":"https:\/\/www.pmdcmos.unam.mx\/index.php?rest_route=\/wp\/v2\/users\/1"}],"replies":[{"embeddable":true,"href":"https:\/\/www.pmdcmos.unam.mx\/index.php?rest_route=%2Fwp%2Fv2%2Fcomments&post=5512"}],"version-history":[{"count":3,"href":"https:\/\/www.pmdcmos.unam.mx\/index.php?rest_route=\/wp\/v2\/pages\/5512\/revisions"}],"predecessor-version":[{"id":6709,"href":"https:\/\/www.pmdcmos.unam.mx\/index.php?rest_route=\/wp\/v2\/pages\/5512\/revisions\/6709"}],"wp:attachment":[{"href":"https:\/\/www.pmdcmos.unam.mx\/index.php?rest_route=%2Fwp%2Fv2%2Fmedia&parent=5512"}],"curies":[{"name":"wp","href":"https:\/\/api.w.org\/{rel}","templated":true}]}}