{"id":5518,"date":"2026-01-05T20:45:14","date_gmt":"2026-01-06T02:45:14","guid":{"rendered":"https:\/\/www.pmdcmos.unam.mx\/?page_id=5518"},"modified":"2026-03-10T10:10:05","modified_gmt":"2026-03-10T16:10:05","slug":"alejandra-ramirez-venegas","status":"publish","type":"page","link":"https:\/\/www.pmdcmos.unam.mx\/?page_id=5518","title":{"rendered":"ALEJANDRA RAM\u00cdREZ VENEGAS"},"content":{"rendered":"<div class=\"wpb-content-wrapper\"><p>[vc_row][vc_column][vc_separator css=&#8221;&#8221;][\/vc_column][\/vc_row][vc_row][vc_column][vc_cta h2=&#8221;&#8221; css=&#8221;&#8221;]La Dra. Alejandra Ram\u00edrez Venegas es investigadora del Instituto Nacional de Enfermedades Respiratorias (INER) y profesora del posgrado en Ciencias M\u00e9dicas, UNAM. M\u00e9dica cirujana con especialidad en neumolog\u00eda, su l\u00ednea de investigaci\u00f3n aborda la enfermedad pulmonar obstructiva cr\u00f3nica (EPOC) y los factores gen\u00e9ticos asociados a su progresi\u00f3n.<\/p>\n<p>Fuente: Documentaci\u00f3n del programa y actualizaci\u00f3n con repositorios p\u00fablicos: SIIA UNAM (afiliaci\u00f3n: INER \u2013 UNAM).<\/p>\n<p>Perfil SIIA &#8211; Alejandra Ram\u00edrez Venegas: <a href=\"https:\/\/web.siia.unam.mx\/siia-publico\/c\/busqueda_individual.php?id=89776\">https:\/\/web.siia.unam.mx\/siia-publico\/c\/busqueda_individual.php?id=89776<\/a>[\/vc_cta][\/vc_column][\/vc_row]<\/p>\n<\/div>","protected":false},"excerpt":{"rendered":"<p>[vc_row][vc_column][vc_separator css=&#8221;&#8221;][\/vc_column][\/vc_row][vc_row][vc_column][vc_cta h2=&#8221;&#8221; css=&#8221;&#8221;]La Dra. Alejandra Ram\u00edrez Venegas es investigadora del Instituto Nacional de Enfermedades Respiratorias (INER) y profesora del posgrado en Ciencias M\u00e9dicas, UNAM. M\u00e9dica cirujana con especialidad en neumolog\u00eda, su l\u00ednea de investigaci\u00f3n aborda la enfermedad pulmonar obstructiva cr\u00f3nica (EPOC) y los factores gen\u00e9ticos asociados a su progresi\u00f3n. Fuente: Documentaci\u00f3n del programa y [&hellip;]<\/p>\n","protected":false},"author":1,"featured_media":0,"parent":0,"menu_order":0,"comment_status":"closed","ping_status":"closed","template":"","meta":{"footnotes":""},"class_list":["post-5518","page","type-page","status-publish","hentry"],"_links":{"self":[{"href":"https:\/\/www.pmdcmos.unam.mx\/index.php?rest_route=\/wp\/v2\/pages\/5518","targetHints":{"allow":["GET"]}}],"collection":[{"href":"https:\/\/www.pmdcmos.unam.mx\/index.php?rest_route=\/wp\/v2\/pages"}],"about":[{"href":"https:\/\/www.pmdcmos.unam.mx\/index.php?rest_route=\/wp\/v2\/types\/page"}],"author":[{"embeddable":true,"href":"https:\/\/www.pmdcmos.unam.mx\/index.php?rest_route=\/wp\/v2\/users\/1"}],"replies":[{"embeddable":true,"href":"https:\/\/www.pmdcmos.unam.mx\/index.php?rest_route=%2Fwp%2Fv2%2Fcomments&post=5518"}],"version-history":[{"count":3,"href":"https:\/\/www.pmdcmos.unam.mx\/index.php?rest_route=\/wp\/v2\/pages\/5518\/revisions"}],"predecessor-version":[{"id":6714,"href":"https:\/\/www.pmdcmos.unam.mx\/index.php?rest_route=\/wp\/v2\/pages\/5518\/revisions\/6714"}],"wp:attachment":[{"href":"https:\/\/www.pmdcmos.unam.mx\/index.php?rest_route=%2Fwp%2Fv2%2Fmedia&parent=5518"}],"curies":[{"name":"wp","href":"https:\/\/api.w.org\/{rel}","templated":true}]}}