{"id":5581,"date":"2026-01-05T22:33:35","date_gmt":"2026-01-06T04:33:35","guid":{"rendered":"https:\/\/www.pmdcmos.unam.mx\/?page_id=5581"},"modified":"2026-03-10T22:00:12","modified_gmt":"2026-03-11T04:00:12","slug":"bertha-beatriz-montano-velazquez","status":"publish","type":"page","link":"https:\/\/www.pmdcmos.unam.mx\/?page_id=5581","title":{"rendered":"BERTHA BEATRIZ MONTA\u00d1O VEL\u00c1ZQUEZ"},"content":{"rendered":"<div class=\"wpb-content-wrapper\"><p>[vc_row][vc_column][vc_separator css=&#8221;&#8221;][\/vc_column][\/vc_row][vc_row][vc_column][vc_cta h2=&#8221;&#8221; css=&#8221;&#8221;]La Dra. Bertha Beatriz Monta\u00f1o Vel\u00e1zquez es Profesora de Asignatura \u201cA\u201d No Definitivo en la Facultad de Medicina de la Universidad Nacional Aut\u00f3noma de M\u00e9xico (UNAM). Su l\u00ednea de investigaci\u00f3n se orienta a la otorrinolaringolog\u00eda y cirug\u00eda de cabeza y cuello, con \u00e9nfasis en la evaluaci\u00f3n de calidad de vida en pacientes con papilomatosis lar\u00edngea recurrente, la infecci\u00f3n por Cisticercosis\/teniosis por Taenia solium y defectos tubarios y nasales asociados a rinitis cr\u00f3nica y tabaquismo. Ha participado como sinodal en numerosas tesis de especialidad.<br \/>\nFuente: Documentaci\u00f3n del programa y actualizaci\u00f3n con repositorios p\u00fablicos:<\/p>\n<p><a href=\"https:\/\/web.siia.unam.mx\/siia-publico\/c\/busqueda_individual.php?id=80351\">https:\/\/web.siia.unam.mx\/siia-publico\/c\/busqueda_individual.php?id=80351<\/a>[\/vc_cta][\/vc_column][\/vc_row]<\/p>\n<\/div>","protected":false},"excerpt":{"rendered":"<p>[vc_row][vc_column][vc_separator css=&#8221;&#8221;][\/vc_column][\/vc_row][vc_row][vc_column][vc_cta h2=&#8221;&#8221; css=&#8221;&#8221;]La Dra. Bertha Beatriz Monta\u00f1o Vel\u00e1zquez es Profesora de Asignatura \u201cA\u201d No Definitivo en la Facultad de Medicina de la Universidad Nacional Aut\u00f3noma de M\u00e9xico (UNAM). Su l\u00ednea de investigaci\u00f3n se orienta a la otorrinolaringolog\u00eda y cirug\u00eda de cabeza y cuello, con \u00e9nfasis en la evaluaci\u00f3n de calidad de vida en pacientes [&hellip;]<\/p>\n","protected":false},"author":1,"featured_media":0,"parent":0,"menu_order":0,"comment_status":"closed","ping_status":"closed","template":"","meta":{"footnotes":""},"class_list":["post-5581","page","type-page","status-publish","hentry"],"_links":{"self":[{"href":"https:\/\/www.pmdcmos.unam.mx\/index.php?rest_route=\/wp\/v2\/pages\/5581","targetHints":{"allow":["GET"]}}],"collection":[{"href":"https:\/\/www.pmdcmos.unam.mx\/index.php?rest_route=\/wp\/v2\/pages"}],"about":[{"href":"https:\/\/www.pmdcmos.unam.mx\/index.php?rest_route=\/wp\/v2\/types\/page"}],"author":[{"embeddable":true,"href":"https:\/\/www.pmdcmos.unam.mx\/index.php?rest_route=\/wp\/v2\/users\/1"}],"replies":[{"embeddable":true,"href":"https:\/\/www.pmdcmos.unam.mx\/index.php?rest_route=%2Fwp%2Fv2%2Fcomments&post=5581"}],"version-history":[{"count":3,"href":"https:\/\/www.pmdcmos.unam.mx\/index.php?rest_route=\/wp\/v2\/pages\/5581\/revisions"}],"predecessor-version":[{"id":6746,"href":"https:\/\/www.pmdcmos.unam.mx\/index.php?rest_route=\/wp\/v2\/pages\/5581\/revisions\/6746"}],"wp:attachment":[{"href":"https:\/\/www.pmdcmos.unam.mx\/index.php?rest_route=%2Fwp%2Fv2%2Fmedia&parent=5581"}],"curies":[{"name":"wp","href":"https:\/\/api.w.org\/{rel}","templated":true}]}}