{"id":5620,"date":"2026-01-05T23:28:05","date_gmt":"2026-01-06T05:28:05","guid":{"rendered":"https:\/\/www.pmdcmos.unam.mx\/?page_id=5620"},"modified":"2026-03-10T22:46:23","modified_gmt":"2026-03-11T04:46:23","slug":"claudia-becerra-palars","status":"publish","type":"page","link":"https:\/\/www.pmdcmos.unam.mx\/?page_id=5620","title":{"rendered":"CLAUDIA BECERRA PALARS"},"content":{"rendered":"<div class=\"wpb-content-wrapper\"><p>[vc_row][vc_column][vc_separator css=&#8221;&#8221;][\/vc_column][\/vc_row][vc_row][vc_column][vc_cta h2=&#8221;&#8221; css=&#8221;&#8221;]Psiquiatra con destacada actividad cl\u00ednica y de direcci\u00f3n en el Instituto Nacional de Psiquiatr\u00eda \u201cRam\u00f3n de la Fuente: Documentaci\u00f3n del programa y actualizaci\u00f3n con repositorios p\u00fablicos Mu\u00f1iz\u201d. Su investigaci\u00f3n se enfoca en los trastornos del \u00e1nimo, especialmente el trastorno bipolar y la depresi\u00f3n resistente al tratamiento, integrando perspectivas de g\u00e9nero y rehabilitaci\u00f3n psiqui\u00e1trica. Ha asumido responsabilidades de direcci\u00f3n de servicios cl\u00ednicos y colabora en proyectos de mejora de la atenci\u00f3n psiqui\u00e1trica en M\u00e9xico.<\/p>\n<p>Fuente: Documentaci\u00f3n del programa y actualizaci\u00f3n con repositorios p\u00fablicos.<\/p>\n<p>ResearchGate \u2013 <a href=\"https:\/\/www.researchgate.net\/profile\/Claudia-Palars\">https:\/\/www.researchgate.net\/profile\/Claudia-Palars<\/a>[\/vc_cta][\/vc_column][\/vc_row]<\/p>\n<\/div>","protected":false},"excerpt":{"rendered":"<p>[vc_row][vc_column][vc_separator css=&#8221;&#8221;][\/vc_column][\/vc_row][vc_row][vc_column][vc_cta h2=&#8221;&#8221; css=&#8221;&#8221;]Psiquiatra con destacada actividad cl\u00ednica y de direcci\u00f3n en el Instituto Nacional de Psiquiatr\u00eda \u201cRam\u00f3n de la Fuente: Documentaci\u00f3n del programa y actualizaci\u00f3n con repositorios p\u00fablicos Mu\u00f1iz\u201d. Su investigaci\u00f3n se enfoca en los trastornos del \u00e1nimo, especialmente el trastorno bipolar y la depresi\u00f3n resistente al tratamiento, integrando perspectivas de g\u00e9nero y rehabilitaci\u00f3n [&hellip;]<\/p>\n","protected":false},"author":1,"featured_media":0,"parent":0,"menu_order":0,"comment_status":"closed","ping_status":"closed","template":"","meta":{"footnotes":""},"class_list":["post-5620","page","type-page","status-publish","hentry"],"_links":{"self":[{"href":"https:\/\/www.pmdcmos.unam.mx\/index.php?rest_route=\/wp\/v2\/pages\/5620","targetHints":{"allow":["GET"]}}],"collection":[{"href":"https:\/\/www.pmdcmos.unam.mx\/index.php?rest_route=\/wp\/v2\/pages"}],"about":[{"href":"https:\/\/www.pmdcmos.unam.mx\/index.php?rest_route=\/wp\/v2\/types\/page"}],"author":[{"embeddable":true,"href":"https:\/\/www.pmdcmos.unam.mx\/index.php?rest_route=\/wp\/v2\/users\/1"}],"replies":[{"embeddable":true,"href":"https:\/\/www.pmdcmos.unam.mx\/index.php?rest_route=%2Fwp%2Fv2%2Fcomments&post=5620"}],"version-history":[{"count":3,"href":"https:\/\/www.pmdcmos.unam.mx\/index.php?rest_route=\/wp\/v2\/pages\/5620\/revisions"}],"predecessor-version":[{"id":6768,"href":"https:\/\/www.pmdcmos.unam.mx\/index.php?rest_route=\/wp\/v2\/pages\/5620\/revisions\/6768"}],"wp:attachment":[{"href":"https:\/\/www.pmdcmos.unam.mx\/index.php?rest_route=%2Fwp%2Fv2%2Fmedia&parent=5620"}],"curies":[{"name":"wp","href":"https:\/\/api.w.org\/{rel}","templated":true}]}}