{"id":5632,"date":"2026-01-05T23:41:04","date_gmt":"2026-01-06T05:41:04","guid":{"rendered":"https:\/\/www.pmdcmos.unam.mx\/?page_id=5632"},"modified":"2026-03-23T19:26:45","modified_gmt":"2026-03-24T01:26:45","slug":"claudio-alberto-davila-cervantes","status":"publish","type":"page","link":"https:\/\/www.pmdcmos.unam.mx\/?page_id=5632","title":{"rendered":"CLAUDIO ALBERTO D\u00c1VILA CERVANTES"},"content":{"rendered":"<div class=\"wpb-content-wrapper\"><p>[vc_row][vc_column][vc_separator css=&#8221;&#8221;][\/vc_column][\/vc_row][vc_row][vc_column][vc_cta h2=&#8221;&#8221; css=&#8221;&#8221;]El Dr. Claudio Alberto D\u00e1vila Cervantes es profesor-investigador adscrito a la Facultad Latinoamericana de Ciencias Sociales (FLACSO) M\u00e9xico, con formaci\u00f3n en Demograf\u00eda y Estudios de Poblaci\u00f3n (Doctorado en Estudios de Poblaci\u00f3n, Maestr\u00eda en Demograf\u00eda, Licenciatura en Actuar\u00eda). Su l\u00ednea de investigaci\u00f3n se centra en mortalidad por causas espec\u00edficas, an\u00e1lisis demogr\u00e1ficos de salud p\u00fablica y factores sociales vinculados a la mortalidad en M\u00e9xico. Tiene presencia acad\u00e9mica documentada como \u201cAutor externo\u201d en la base Sistema Integral de Informaci\u00f3n Acad\u00e9mica \u2013 UNAM (SIIA), con registro de trabajos en revistas especializadas (3 documentos).<\/p>\n<p>Fuente: Documentaci\u00f3n del programa y actualizaci\u00f3n con repositorios p\u00fablicos.<\/p>\n<p><a href=\"https:\/\/www.flacso.edu.mx\/davila-cervantes-claudio-alberto\/\"> https:\/\/www.flacso.edu.mx\/davila-cervantes-claudio-alberto\/<\/a>[\/vc_cta][\/vc_column][\/vc_row]<\/p>\n<\/div>","protected":false},"excerpt":{"rendered":"<p>[vc_row][vc_column][vc_separator css=&#8221;&#8221;][\/vc_column][\/vc_row][vc_row][vc_column][vc_cta h2=&#8221;&#8221; css=&#8221;&#8221;]El Dr. Claudio Alberto D\u00e1vila Cervantes es profesor-investigador adscrito a la Facultad Latinoamericana de Ciencias Sociales (FLACSO) M\u00e9xico, con formaci\u00f3n en Demograf\u00eda y Estudios de Poblaci\u00f3n (Doctorado en Estudios de Poblaci\u00f3n, Maestr\u00eda en Demograf\u00eda, Licenciatura en Actuar\u00eda). Su l\u00ednea de investigaci\u00f3n se centra en mortalidad por causas espec\u00edficas, an\u00e1lisis demogr\u00e1ficos de salud [&hellip;]<\/p>\n","protected":false},"author":1,"featured_media":0,"parent":0,"menu_order":0,"comment_status":"closed","ping_status":"closed","template":"","meta":{"footnotes":""},"class_list":["post-5632","page","type-page","status-publish","hentry"],"_links":{"self":[{"href":"https:\/\/www.pmdcmos.unam.mx\/index.php?rest_route=\/wp\/v2\/pages\/5632","targetHints":{"allow":["GET"]}}],"collection":[{"href":"https:\/\/www.pmdcmos.unam.mx\/index.php?rest_route=\/wp\/v2\/pages"}],"about":[{"href":"https:\/\/www.pmdcmos.unam.mx\/index.php?rest_route=\/wp\/v2\/types\/page"}],"author":[{"embeddable":true,"href":"https:\/\/www.pmdcmos.unam.mx\/index.php?rest_route=\/wp\/v2\/users\/1"}],"replies":[{"embeddable":true,"href":"https:\/\/www.pmdcmos.unam.mx\/index.php?rest_route=%2Fwp%2Fv2%2Fcomments&post=5632"}],"version-history":[{"count":4,"href":"https:\/\/www.pmdcmos.unam.mx\/index.php?rest_route=\/wp\/v2\/pages\/5632\/revisions"}],"predecessor-version":[{"id":7090,"href":"https:\/\/www.pmdcmos.unam.mx\/index.php?rest_route=\/wp\/v2\/pages\/5632\/revisions\/7090"}],"wp:attachment":[{"href":"https:\/\/www.pmdcmos.unam.mx\/index.php?rest_route=%2Fwp%2Fv2%2Fmedia&parent=5632"}],"curies":[{"name":"wp","href":"https:\/\/api.w.org\/{rel}","templated":true}]}}