{"id":5678,"date":"2026-01-06T00:22:46","date_gmt":"2026-01-06T06:22:46","guid":{"rendered":"https:\/\/www.pmdcmos.unam.mx\/?page_id=5678"},"modified":"2026-03-10T23:35:59","modified_gmt":"2026-03-11T05:35:59","slug":"emilio-joaquin-cordova-alarcon","status":"publish","type":"page","link":"https:\/\/www.pmdcmos.unam.mx\/?page_id=5678","title":{"rendered":"EMILIO JOAQU\u00cdN C\u00d3RDOVA ALARC\u00d3N"},"content":{"rendered":"<div class=\"wpb-content-wrapper\"><p>[vc_row][vc_column][vc_separator css=&#8221;&#8221;][\/vc_column][\/vc_row][vc_row][vc_column][vc_cta h2=&#8221;&#8221; css=&#8221;&#8221;]El Dr. Emilio Joaqu\u00edn C\u00f3rdova Alarc\u00f3n es Investigador en Ciencias M\u00e9dicas \u201cD\u201d en el Instituto Nacional de Medicina Gen\u00f3mica (INMEGEN) y Profesor del Posgrado en Ciencias Biol\u00f3gicas de la Universidad Nacional Aut\u00f3noma de M\u00e9xico (UNAM). Su l\u00ednea de investigaci\u00f3n se centra en la gen\u00f3mica de poblaciones ind\u00edgenas mexicanas, gen\u00e9tica del c\u00e1ncer y enfermedades metab\u00f3licas, con participaci\u00f3n en proyectos internacionales como la Iniciativa SIGMA. Asimismo, ha dirigido m\u00e1s de diez tesis de posgrado en el campo de la investigaci\u00f3n biom\u00e9dica.<\/p>\n<p>Fuente: Documentaci\u00f3n del programa y actualizaci\u00f3n con repositorios p\u00fablicos.<\/p>\n<p>SIIA-UNAM \u2013 <a href=\"https:\/\/web.siia.unam.mx\/siia-publico\/c\/busqueda_individual.php?id=89299\">https:\/\/web.siia.unam.mx\/siia-publico\/c\/busqueda_individual.php?id=89299<\/a>[\/vc_cta][\/vc_column][\/vc_row]<\/p>\n<\/div>","protected":false},"excerpt":{"rendered":"<p>[vc_row][vc_column][vc_separator css=&#8221;&#8221;][\/vc_column][\/vc_row][vc_row][vc_column][vc_cta h2=&#8221;&#8221; css=&#8221;&#8221;]El Dr. Emilio Joaqu\u00edn C\u00f3rdova Alarc\u00f3n es Investigador en Ciencias M\u00e9dicas \u201cD\u201d en el Instituto Nacional de Medicina Gen\u00f3mica (INMEGEN) y Profesor del Posgrado en Ciencias Biol\u00f3gicas de la Universidad Nacional Aut\u00f3noma de M\u00e9xico (UNAM). Su l\u00ednea de investigaci\u00f3n se centra en la gen\u00f3mica de poblaciones ind\u00edgenas mexicanas, gen\u00e9tica del c\u00e1ncer y [&hellip;]<\/p>\n","protected":false},"author":1,"featured_media":0,"parent":0,"menu_order":0,"comment_status":"closed","ping_status":"closed","template":"","meta":{"footnotes":""},"class_list":["post-5678","page","type-page","status-publish","hentry"],"_links":{"self":[{"href":"https:\/\/www.pmdcmos.unam.mx\/index.php?rest_route=\/wp\/v2\/pages\/5678","targetHints":{"allow":["GET"]}}],"collection":[{"href":"https:\/\/www.pmdcmos.unam.mx\/index.php?rest_route=\/wp\/v2\/pages"}],"about":[{"href":"https:\/\/www.pmdcmos.unam.mx\/index.php?rest_route=\/wp\/v2\/types\/page"}],"author":[{"embeddable":true,"href":"https:\/\/www.pmdcmos.unam.mx\/index.php?rest_route=\/wp\/v2\/users\/1"}],"replies":[{"embeddable":true,"href":"https:\/\/www.pmdcmos.unam.mx\/index.php?rest_route=%2Fwp%2Fv2%2Fcomments&post=5678"}],"version-history":[{"count":3,"href":"https:\/\/www.pmdcmos.unam.mx\/index.php?rest_route=\/wp\/v2\/pages\/5678\/revisions"}],"predecessor-version":[{"id":6792,"href":"https:\/\/www.pmdcmos.unam.mx\/index.php?rest_route=\/wp\/v2\/pages\/5678\/revisions\/6792"}],"wp:attachment":[{"href":"https:\/\/www.pmdcmos.unam.mx\/index.php?rest_route=%2Fwp%2Fv2%2Fmedia&parent=5678"}],"curies":[{"name":"wp","href":"https:\/\/api.w.org\/{rel}","templated":true}]}}