{"id":5819,"date":"2026-01-06T10:25:55","date_gmt":"2026-01-06T16:25:55","guid":{"rendered":"https:\/\/www.pmdcmos.unam.mx\/?page_id=5819"},"modified":"2026-03-17T23:33:46","modified_gmt":"2026-03-18T05:33:46","slug":"maria-del-carmen-garcia-de-leon-mendez","status":"publish","type":"page","link":"https:\/\/www.pmdcmos.unam.mx\/?page_id=5819","title":{"rendered":"MAR\u00cdA DEL CARMEN GARC\u00cdA DE LE\u00d3N M\u00c9NDEZ"},"content":{"rendered":"<div class=\"wpb-content-wrapper\"><p>[vc_row][vc_column][vc_separator css=&#8221;&#8221;][\/vc_column][\/vc_row][vc_row][vc_column][vc_cta h2=&#8221;&#8221; css=&#8221;&#8221;]MAR\u00cdA DEL CARMEN GARC\u00cdA DE LE\u00d3N M\u00c9NDEZ es T\u00e9cnica Acad\u00e9mica Titular C en la Facultad de Medicina de la UNAM, con m\u00e1s de 33 a\u00f1os de trayectoria acad\u00e9mica. Doctora en Ciencias, ha consolidado una l\u00ednea de investigaci\u00f3n en biolog\u00eda celular, parasitolog\u00eda y hepatolog\u00eda, con \u00e9nfasis en Entamoeba histolytica, senescencia celular y fibrosis hep\u00e1tica. Sus publicaciones abarcan revistas como PLOS ONE, Parasitology Research, Experimental Parasitology, American Journal of Tropical Medicine and Hygiene y Biomed Research International. Ha participado en proyectos multic\u00e9ntricos sobre infecciones intestinales, da\u00f1o hep\u00e1tico y mecanismos de apoptosis, adem\u00e1s de colaborar con el Instituto de Qu\u00edmica, el Instituto de Neurobiolog\u00eda y el Centro de Ciencias de la Atm\u00f3sfera de la UNAM.<\/p>\n<p>Fuente: Documentaci\u00f3n del programa y actualizaci\u00f3n con repositorios p\u00fablicos.<\/p>\n<p>SIIA UNAM &#8211;\u00a0<a href=\"https:\/\/web.siia.unam.mx\/siia-publico\/c\/busqueda_individual.php?id=127053\">https:\/\/web.siia.unam.mx\/siia-publico\/c\/busqueda_individual.php?id=127053<\/a>[\/vc_cta][\/vc_column][\/vc_row]<\/p>\n<\/div>","protected":false},"excerpt":{"rendered":"<p>[vc_row][vc_column][vc_separator css=&#8221;&#8221;][\/vc_column][\/vc_row][vc_row][vc_column][vc_cta h2=&#8221;&#8221; css=&#8221;&#8221;]MAR\u00cdA DEL CARMEN GARC\u00cdA DE LE\u00d3N M\u00c9NDEZ es T\u00e9cnica Acad\u00e9mica Titular C en la Facultad de Medicina de la UNAM, con m\u00e1s de 33 a\u00f1os de trayectoria acad\u00e9mica. Doctora en Ciencias, ha consolidado una l\u00ednea de investigaci\u00f3n en biolog\u00eda celular, parasitolog\u00eda y hepatolog\u00eda, con \u00e9nfasis en Entamoeba histolytica, senescencia celular y fibrosis [&hellip;]<\/p>\n","protected":false},"author":1,"featured_media":0,"parent":0,"menu_order":0,"comment_status":"closed","ping_status":"closed","template":"","meta":{"footnotes":""},"class_list":["post-5819","page","type-page","status-publish","hentry"],"_links":{"self":[{"href":"https:\/\/www.pmdcmos.unam.mx\/index.php?rest_route=\/wp\/v2\/pages\/5819","targetHints":{"allow":["GET"]}}],"collection":[{"href":"https:\/\/www.pmdcmos.unam.mx\/index.php?rest_route=\/wp\/v2\/pages"}],"about":[{"href":"https:\/\/www.pmdcmos.unam.mx\/index.php?rest_route=\/wp\/v2\/types\/page"}],"author":[{"embeddable":true,"href":"https:\/\/www.pmdcmos.unam.mx\/index.php?rest_route=\/wp\/v2\/users\/1"}],"replies":[{"embeddable":true,"href":"https:\/\/www.pmdcmos.unam.mx\/index.php?rest_route=%2Fwp%2Fv2%2Fcomments&post=5819"}],"version-history":[{"count":3,"href":"https:\/\/www.pmdcmos.unam.mx\/index.php?rest_route=\/wp\/v2\/pages\/5819\/revisions"}],"predecessor-version":[{"id":6944,"href":"https:\/\/www.pmdcmos.unam.mx\/index.php?rest_route=\/wp\/v2\/pages\/5819\/revisions\/6944"}],"wp:attachment":[{"href":"https:\/\/www.pmdcmos.unam.mx\/index.php?rest_route=%2Fwp%2Fv2%2Fmedia&parent=5819"}],"curies":[{"name":"wp","href":"https:\/\/api.w.org\/{rel}","templated":true}]}}