{"id":5914,"date":"2026-01-06T13:00:26","date_gmt":"2026-01-06T19:00:26","guid":{"rendered":"https:\/\/www.pmdcmos.unam.mx\/?page_id=5914"},"modified":"2026-03-23T09:36:05","modified_gmt":"2026-03-23T15:36:05","slug":"silvestre-garcia-de-la-puente","status":"publish","type":"page","link":"https:\/\/www.pmdcmos.unam.mx\/?page_id=5914","title":{"rendered":"SILVESTRE GARC\u00cdA DE LA PUENTE"},"content":{"rendered":"<div class=\"wpb-content-wrapper\"><p>[vc_row][vc_column][vc_separator css=&#8221;&#8221;][\/vc_column][\/vc_row][vc_row][vc_column][vc_cta h2=&#8221;&#8221; css=&#8221;&#8221;]El Dr. Silvestre Garc\u00eda de la Puente es M\u00e9dico Cirujano egresado de la Universidad Nacional Aut\u00f3noma de M\u00e9xico, especialista en Nefrolog\u00eda Pedi\u00e1trica y Doctor en Ciencias M\u00e9dicas. Ha desarrollado su trayectoria acad\u00e9mica y cl\u00ednica durante m\u00e1s de cinco d\u00e9cadas en el Instituto Nacional de Pediatr\u00eda, donde se ha desempe\u00f1ado como adscrito al Servicio de Nefrolog\u00eda y, desde 2010, como Jefe del Departamento de Metodolog\u00eda de la Investigaci\u00f3n. Su l\u00ednea de investigaci\u00f3n se centra en nefrolog\u00eda pedi\u00e1trica, s\u00edndrome de Down, metodolog\u00eda de la investigaci\u00f3n y estad\u00edstica, con 58 art\u00edculos publicados, participaci\u00f3n en libros y amplia direcci\u00f3n de tesis.<br \/>\nFuente principal: Documentaci\u00f3n del programa y actualizaci\u00f3n de repositorios p\u00fablicos.<br \/>\n<a href=\"https:\/\/orcid.org\/0000-0003-3559-2301\">https:\/\/orcid.org\/0000-0003-3559-2301<\/a>[\/vc_cta][\/vc_column][\/vc_row]<\/p>\n<\/div>","protected":false},"excerpt":{"rendered":"<p>[vc_row][vc_column][vc_separator css=&#8221;&#8221;][\/vc_column][\/vc_row][vc_row][vc_column][vc_cta h2=&#8221;&#8221; css=&#8221;&#8221;]El Dr. Silvestre Garc\u00eda de la Puente es M\u00e9dico Cirujano egresado de la Universidad Nacional Aut\u00f3noma de M\u00e9xico, especialista en Nefrolog\u00eda Pedi\u00e1trica y Doctor en Ciencias M\u00e9dicas. Ha desarrollado su trayectoria acad\u00e9mica y cl\u00ednica durante m\u00e1s de cinco d\u00e9cadas en el Instituto Nacional de Pediatr\u00eda, donde se ha desempe\u00f1ado como adscrito al [&hellip;]<\/p>\n","protected":false},"author":1,"featured_media":0,"parent":0,"menu_order":0,"comment_status":"closed","ping_status":"closed","template":"","meta":{"footnotes":""},"class_list":["post-5914","page","type-page","status-publish","hentry"],"_links":{"self":[{"href":"https:\/\/www.pmdcmos.unam.mx\/index.php?rest_route=\/wp\/v2\/pages\/5914","targetHints":{"allow":["GET"]}}],"collection":[{"href":"https:\/\/www.pmdcmos.unam.mx\/index.php?rest_route=\/wp\/v2\/pages"}],"about":[{"href":"https:\/\/www.pmdcmos.unam.mx\/index.php?rest_route=\/wp\/v2\/types\/page"}],"author":[{"embeddable":true,"href":"https:\/\/www.pmdcmos.unam.mx\/index.php?rest_route=\/wp\/v2\/users\/1"}],"replies":[{"embeddable":true,"href":"https:\/\/www.pmdcmos.unam.mx\/index.php?rest_route=%2Fwp%2Fv2%2Fcomments&post=5914"}],"version-history":[{"count":4,"href":"https:\/\/www.pmdcmos.unam.mx\/index.php?rest_route=\/wp\/v2\/pages\/5914\/revisions"}],"predecessor-version":[{"id":7050,"href":"https:\/\/www.pmdcmos.unam.mx\/index.php?rest_route=\/wp\/v2\/pages\/5914\/revisions\/7050"}],"wp:attachment":[{"href":"https:\/\/www.pmdcmos.unam.mx\/index.php?rest_route=%2Fwp%2Fv2%2Fmedia&parent=5914"}],"curies":[{"name":"wp","href":"https:\/\/api.w.org\/{rel}","templated":true}]}}