{"id":5920,"date":"2026-01-06T13:06:34","date_gmt":"2026-01-06T19:06:34","guid":{"rendered":"https:\/\/www.pmdcmos.unam.mx\/?page_id=5920"},"modified":"2026-03-23T09:47:25","modified_gmt":"2026-03-23T15:47:25","slug":"veronica-fabiola-moran-barroso","status":"publish","type":"page","link":"https:\/\/www.pmdcmos.unam.mx\/?page_id=5920","title":{"rendered":"VER\u00d3NICA FABIOLA MOR\u00c1N BARROSO"},"content":{"rendered":"<div class=\"wpb-content-wrapper\"><p>[vc_row][vc_column][vc_separator css=&#8221;&#8221;][\/vc_column][\/vc_row][vc_row][vc_column][vc_cta h2=&#8221;&#8221; css=&#8221;&#8221;]La Dra. Ver\u00f3nica F. Mor\u00e1n Barroso es investigadora adscrita al Hospital General de M\u00e9xico &#8220;Dr. Eduardo Liceaga&#8221; (HGM) y a la Universidad Nacional Aut\u00f3noma de M\u00e9xico (UNAM), con formaci\u00f3n en Gen\u00e9tica M\u00e9dica y Gen\u00e9tica Molecular. Su l\u00ednea de investigaci\u00f3n aborda las malformaciones cong\u00e9nitas, aberraciones cromos\u00f3micas y trastornos de la impronta gen\u00e9tica en la poblaci\u00f3n pedi\u00e1trica mexicana.<\/p>\n<p>Fuente: Documentaci\u00f3n del programa y actualizaci\u00f3n con repositorios p\u00fablicos.<\/p>\n<p>SIIA UNAM &#8211;\u00a0 <a href=\"https:\/\/web.siia.unam.mx\/siia-publico\/c\/busqueda_individual.php?id=76245\">https:\/\/web.siia.unam.mx\/siia-publico\/c\/busqueda_individual.php?id=76245<\/a>[\/vc_cta][\/vc_column][\/vc_row]<\/p>\n<\/div>","protected":false},"excerpt":{"rendered":"<p>[vc_row][vc_column][vc_separator css=&#8221;&#8221;][\/vc_column][\/vc_row][vc_row][vc_column][vc_cta h2=&#8221;&#8221; css=&#8221;&#8221;]La Dra. Ver\u00f3nica F. Mor\u00e1n Barroso es investigadora adscrita al Hospital General de M\u00e9xico &#8220;Dr. Eduardo Liceaga&#8221; (HGM) y a la Universidad Nacional Aut\u00f3noma de M\u00e9xico (UNAM), con formaci\u00f3n en Gen\u00e9tica M\u00e9dica y Gen\u00e9tica Molecular. Su l\u00ednea de investigaci\u00f3n aborda las malformaciones cong\u00e9nitas, aberraciones cromos\u00f3micas y trastornos de la impronta gen\u00e9tica en [&hellip;]<\/p>\n","protected":false},"author":1,"featured_media":0,"parent":0,"menu_order":0,"comment_status":"closed","ping_status":"closed","template":"","meta":{"footnotes":""},"class_list":["post-5920","page","type-page","status-publish","hentry"],"_links":{"self":[{"href":"https:\/\/www.pmdcmos.unam.mx\/index.php?rest_route=\/wp\/v2\/pages\/5920","targetHints":{"allow":["GET"]}}],"collection":[{"href":"https:\/\/www.pmdcmos.unam.mx\/index.php?rest_route=\/wp\/v2\/pages"}],"about":[{"href":"https:\/\/www.pmdcmos.unam.mx\/index.php?rest_route=\/wp\/v2\/types\/page"}],"author":[{"embeddable":true,"href":"https:\/\/www.pmdcmos.unam.mx\/index.php?rest_route=\/wp\/v2\/users\/1"}],"replies":[{"embeddable":true,"href":"https:\/\/www.pmdcmos.unam.mx\/index.php?rest_route=%2Fwp%2Fv2%2Fcomments&post=5920"}],"version-history":[{"count":3,"href":"https:\/\/www.pmdcmos.unam.mx\/index.php?rest_route=\/wp\/v2\/pages\/5920\/revisions"}],"predecessor-version":[{"id":7060,"href":"https:\/\/www.pmdcmos.unam.mx\/index.php?rest_route=\/wp\/v2\/pages\/5920\/revisions\/7060"}],"wp:attachment":[{"href":"https:\/\/www.pmdcmos.unam.mx\/index.php?rest_route=%2Fwp%2Fv2%2Fmedia&parent=5920"}],"curies":[{"name":"wp","href":"https:\/\/api.w.org\/{rel}","templated":true}]}}